{"id":8,"date":"2020-08-03T17:55:19","date_gmt":"2020-08-03T21:55:19","guid":{"rendered":"http:\/\/localhost\/wordpress\/?page_id=8"},"modified":"2022-02-10T10:26:27","modified_gmt":"2022-02-10T15:26:27","slug":"contact","status":"publish","type":"page","link":"https:\/\/www.northeastbus.com\/es\/contact\/","title":{"rendered":"Contacta"},"content":{"rendered":"<div data-elementor-type=\"wp-page\" data-elementor-id=\"8\" class=\"elementor elementor-8\">\n\t\t\t\t\t\t<section class=\"elementor-section elementor-top-section elementor-element elementor-element-2b0ed756 elementor-section-boxed elementor-section-height-default elementor-section-height-default\" data-id=\"2b0ed756\" data-element_type=\"section\" data-e-type=\"section\">\n\t\t\t\t\t\t<div class=\"elementor-container elementor-column-gap-default\">\n\t\t\t\t\t<div class=\"elementor-column elementor-col-100 elementor-top-column elementor-element elementor-element-ee27863\" data-id=\"ee27863\" data-element_type=\"column\" data-e-type=\"column\">\n\t\t\t<div class=\"elementor-widget-wrap elementor-element-populated\">\n\t\t\t\t\t\t<div class=\"elementor-element elementor-element-e4b014f elementor-widget elementor-widget-wp-widget-bcn_widget\" data-id=\"e4b014f\" data-element_type=\"widget\" data-e-type=\"widget\" data-widget_type=\"wp-widget-bcn_widget.default\">\n\t\t\t\t<div class=\"elementor-widget-container\">\n\t\t\t\t\t<div class=\"breadcrumbs\" vocab=\"https:\/\/schema.org\/\" typeof=\"BreadcrumbList\"><span property=\"itemListElement\" typeof=\"ListItem\"><a property=\"item\" typeof=\"WebPage\" title=\"Go to North East Transportation.\" href=\"https:\/\/www.northeastbus.com\/es\" class=\"home\" aria-current=\"page\"><span property=\"name\">North East Transportation<\/span><\/a><meta property=\"position\" content=\"1\"><\/span><\/div>\t\t\t\t<\/div>\n\t\t\t\t<\/div>\n\t\t\t\t<div class=\"elementor-element elementor-element-1a13e31 elementor-hidden-desktop elementor-widget elementor-widget-text-editor\" data-id=\"1a13e31\" data-element_type=\"widget\" data-e-type=\"widget\" data-widget_type=\"text-editor.default\">\n\t\t\t\t<div class=\"elementor-widget-container\">\n\t\t\t\t\t\t\t\t\t<p><a class=\"maxbutton-1 maxbutton maxbutton-weather-alerts\" target=\"_blank\" rel=\"noopener\" href=\"https:\/\/www.cttransit.com\/alerts\"><span class='mb-text'>Weather Alerts &amp; Detours<\/span><\/a><\/p>\t\t\t\t\t\t\t\t<\/div>\n\t\t\t\t<\/div>\n\t\t\t\t<div class=\"elementor-element elementor-element-6da745c9 elementor-widget elementor-widget-text-editor\" data-id=\"6da745c9\" data-element_type=\"widget\" data-e-type=\"widget\" data-widget_type=\"text-editor.default\">\n\t\t\t\t<div class=\"elementor-widget-container\">\n\t\t\t\t\t\t\t\t\t<p><div class=\"breadcrumbs align  wp-block-bcn-breadcrumb-trail has-text-color has-background\" vocab=\"https:\/\/schema.org\/\" typeof=\"BreadcrumbList\">\n\t<span><\/span>\n\t<span property=\"itemListElement\" typeof=\"ListItem\"><a property=\"item\" typeof=\"WebPage\" title=\"Go to North East Transportation.\" href=\"https:\/\/www.northeastbus.com\/es\" class=\"home\" aria-current=\"page\"><span property=\"name\">North East Transportation<\/span><\/a><meta property=\"position\" content=\"1\"><\/span><\/div>\n<\/p>\n<p><\/p>\n<h2 style=\"height: 25px;\" aria-hidden=\"true\"><b>Para asistencia inmediata, llame (203) 753-2538<\/b><\/h2>\n<p><\/p>\t\t\t\t\t\t\t\t<\/div>\n\t\t\t\t<\/div>\n\t\t\t\t\t<\/div>\n\t\t<\/div>\n\t\t\t\t\t<\/div>\n\t\t<\/section>\n\t\t\t\t<section class=\"elementor-section elementor-top-section elementor-element elementor-element-b63e0dc elementor-section-boxed elementor-section-height-default elementor-section-height-default\" data-id=\"b63e0dc\" data-element_type=\"section\" data-e-type=\"section\">\n\t\t\t\t\t\t<div class=\"elementor-container elementor-column-gap-default\">\n\t\t\t\t\t<div class=\"elementor-column elementor-col-100 elementor-top-column elementor-element elementor-element-3cdd30b\" data-id=\"3cdd30b\" data-element_type=\"column\" data-e-type=\"column\">\n\t\t\t<div class=\"elementor-widget-wrap elementor-element-populated\">\n\t\t\t\t\t\t<section class=\"elementor-section elementor-inner-section elementor-element elementor-element-2b010f4 elementor-section-boxed elementor-section-height-default elementor-section-height-default\" data-id=\"2b010f4\" data-element_type=\"section\" data-e-type=\"section\">\n\t\t\t\t\t\t<div class=\"elementor-container elementor-column-gap-default\">\n\t\t\t\t\t<div class=\"elementor-column elementor-col-50 elementor-inner-column elementor-element elementor-element-c72933a\" data-id=\"c72933a\" data-element_type=\"column\" data-e-type=\"column\">\n\t\t\t<div class=\"elementor-widget-wrap elementor-element-populated\">\n\t\t\t\t\t\t<div class=\"elementor-element elementor-element-aed65ab elementor-widget elementor-widget-heading\" data-id=\"aed65ab\" data-element_type=\"widget\" data-e-type=\"widget\" data-widget_type=\"heading.default\">\n\t\t\t\t<div class=\"elementor-widget-container\">\n\t\t\t\t\t<h2 class=\"elementor-heading-title elementor-size-default\">Direcci\u00f3n f\u00edsica<\/h2>\t\t\t\t<\/div>\n\t\t\t\t<\/div>\n\t\t\t\t<div class=\"elementor-element elementor-element-62609f1 elementor-widget elementor-widget-text-editor\" data-id=\"62609f1\" data-element_type=\"widget\" data-e-type=\"widget\" data-widget_type=\"text-editor.default\">\n\t\t\t\t<div class=\"elementor-widget-container\">\n\t\t\t\t\t\t\t\t\t<p>761 Frost Bridge Rd<br \/>Watertown, CT 06795<\/p>\t\t\t\t\t\t\t\t<\/div>\n\t\t\t\t<\/div>\n\t\t\t\t\t<\/div>\n\t\t<\/div>\n\t\t\t\t<div class=\"elementor-column elementor-col-50 elementor-inner-column elementor-element elementor-element-32916db\" data-id=\"32916db\" data-element_type=\"column\" data-e-type=\"column\">\n\t\t\t<div class=\"elementor-widget-wrap elementor-element-populated\">\n\t\t\t\t\t\t<div class=\"elementor-element elementor-element-422d6bb elementor-widget elementor-widget-heading\" data-id=\"422d6bb\" data-element_type=\"widget\" data-e-type=\"widget\" data-widget_type=\"heading.default\">\n\t\t\t\t<div class=\"elementor-widget-container\">\n\t\t\t\t\t<h2 class=\"elementor-heading-title elementor-size-default\">Direcci\u00f3n postal \/ de facturaci\u00f3n<\/h2>\t\t\t\t<\/div>\n\t\t\t\t<\/div>\n\t\t\t\t<div class=\"elementor-element elementor-element-0dd7da5 elementor-widget elementor-widget-text-editor\" data-id=\"0dd7da5\" data-element_type=\"widget\" data-e-type=\"widget\" data-widget_type=\"text-editor.default\">\n\t\t\t\t<div class=\"elementor-widget-container\">\n\t\t\t\t\t\t\t\t\t<p>P.O. Box 4670<br \/>Waterbury, CT, 06704<\/p>\t\t\t\t\t\t\t\t<\/div>\n\t\t\t\t<\/div>\n\t\t\t\t\t<\/div>\n\t\t<\/div>\n\t\t\t\t\t<\/div>\n\t\t<\/section>\n\t\t\t\t\t<\/div>\n\t\t<\/div>\n\t\t\t\t\t<\/div>\n\t\t<\/section>\n\t\t\t\t<section class=\"elementor-section elementor-top-section elementor-element elementor-element-8bbf75a elementor-section-boxed elementor-section-height-default elementor-section-height-default\" data-id=\"8bbf75a\" data-element_type=\"section\" data-e-type=\"section\" id=\"mod\">\n\t\t\t\t\t\t<div class=\"elementor-container elementor-column-gap-default\">\n\t\t\t\t\t<div class=\"elementor-column elementor-col-100 elementor-top-column elementor-element elementor-element-567e23a\" data-id=\"567e23a\" data-element_type=\"column\" data-e-type=\"column\">\n\t\t\t<div class=\"elementor-widget-wrap elementor-element-populated\">\n\t\t\t\t\t\t<div class=\"elementor-element elementor-element-08f55ba elementor-widget elementor-widget-heading\" data-id=\"08f55ba\" data-element_type=\"widget\" data-e-type=\"widget\" data-widget_type=\"heading.default\">\n\t\t\t\t<div class=\"elementor-widget-container\">\n\t\t\t\t\t<h2 class=\"elementor-heading-title elementor-size-default\">Solicitud de modificaciones razonables<\/h2>\t\t\t\t<\/div>\n\t\t\t\t<\/div>\n\t\t\t\t<div class=\"elementor-element elementor-element-4d8e5b0 elementor-widget elementor-widget-menu-anchor\" data-id=\"4d8e5b0\" data-element_type=\"widget\" data-e-type=\"widget\" data-widget_type=\"menu-anchor.default\">\n\t\t\t\t<div class=\"elementor-widget-container\">\n\t\t\t\t\t\t\t<div class=\"elementor-menu-anchor\" id=\"requests-for-reasonable-modifications\"><\/div>\n\t\t\t\t\t\t<\/div>\n\t\t\t\t<\/div>\n\t\t\t\t<div class=\"elementor-element elementor-element-251f90f elementor-widget elementor-widget-text-editor\" data-id=\"251f90f\" data-element_type=\"widget\" data-e-type=\"widget\" data-widget_type=\"text-editor.default\">\n\t\t\t\t<div class=\"elementor-widget-container\">\n\t\t\t\t\t\t\t\t\t<p>Para realizar solicitudes de modificaciones razonables a las pol\u00edticas y pr\u00e1cticas de la Compa\u00f1\u00eda, comun\u00edquese con North East Transportation al (203) 753-2538 o (203) 756-5550.<br \/><br \/>You can also email us at <a href=\"mailto:ada-appnetco@ct-transwb.com\">ada-appnetco@ct-transwb.com<\/a><\/p>\t\t\t\t\t\t\t\t<\/div>\n\t\t\t\t<\/div>\n\t\t\t\t\t<\/div>\n\t\t<\/div>\n\t\t\t\t\t<\/div>\n\t\t<\/section>\n\t\t\t\t<section class=\"elementor-section elementor-top-section elementor-element elementor-element-1850ed0 elementor-section-boxed elementor-section-height-default elementor-section-height-default\" data-id=\"1850ed0\" data-element_type=\"section\" data-e-type=\"section\">\n\t\t\t\t\t\t<div class=\"elementor-container elementor-column-gap-default\">\n\t\t\t\t\t<div class=\"elementor-column elementor-col-100 elementor-top-column elementor-element elementor-element-1bc28f3\" data-id=\"1bc28f3\" data-element_type=\"column\" data-e-type=\"column\">\n\t\t\t<div class=\"elementor-widget-wrap elementor-element-populated\">\n\t\t\t\t\t\t<div class=\"elementor-element elementor-element-1db8c59 elementor-widget elementor-widget-heading\" data-id=\"1db8c59\" data-element_type=\"widget\" data-e-type=\"widget\" data-widget_type=\"heading.default\">\n\t\t\t\t<div class=\"elementor-widget-container\">\n\t\t\t\t\t<h2 class=\"elementor-heading-title elementor-size-default\">How are we doing?<\/h2>\t\t\t\t<\/div>\n\t\t\t\t<\/div>\n\t\t\t\t<div class=\"elementor-element elementor-element-58d45fc elementor-widget elementor-widget-text-editor\" data-id=\"58d45fc\" data-element_type=\"widget\" data-e-type=\"widget\" data-widget_type=\"text-editor.default\">\n\t\t\t\t<div class=\"elementor-widget-container\">\n\t\t\t\t\t\t\t\t\t<p>Take a moment and <a href=\"https:\/\/www.northeastbus.com\/es\/how-are-we-doing\/\" data-wplink-url-error=\"true\">fill out a short survey<\/a> and let us know how we&#8217;re doing.\u00a0\u00a0<\/p>\t\t\t\t\t\t\t\t<\/div>\n\t\t\t\t<\/div>\n\t\t\t\t<div class=\"elementor-element elementor-element-4034b0e elementor-align-center elementor-widget elementor-widget-button\" data-id=\"4034b0e\" data-element_type=\"widget\" data-e-type=\"widget\" data-widget_type=\"button.default\">\n\t\t\t\t<div class=\"elementor-widget-container\">\n\t\t\t\t\t\t\t\t\t<div class=\"elementor-button-wrapper\">\n\t\t\t\t\t<a class=\"elementor-button elementor-button-link elementor-size-sm\" href=\"https:\/\/www.northeastbus.com\/es\/how-are-we-doing\/\">\n\t\t\t\t\t\t<span class=\"elementor-button-content-wrapper\">\n\t\t\t\t\t\t<span class=\"elementor-button-icon\">\n\t\t\t\t<i aria-hidden=\"true\" class=\"far fa-check-square\"><\/i>\t\t\t<\/span>\n\t\t\t\t\t\t\t\t\t<span class=\"elementor-button-text\">Take our Survey<\/span>\n\t\t\t\t\t<\/span>\n\t\t\t\t\t<\/a>\n\t\t\t\t<\/div>\n\t\t\t\t\t\t\t\t<\/div>\n\t\t\t\t<\/div>\n\t\t\t\t\t<\/div>\n\t\t<\/div>\n\t\t\t\t\t<\/div>\n\t\t<\/section>\n\t\t\t\t<\/div>","protected":false},"excerpt":{"rendered":"<p>Physical Address 761 Frost Bridge RdWatertown, CT 06795 Billing\/ Mailing Address P.O. Box 4670Waterbury, CT, 06704 Request for Reasonable Modifications To make requests for reasonable modifications to the Company\u2019s policies and practices, please contact North East Transportation at (203) 753-2538 or (203) 756-5550. You can also email us at ada-appnetco@ct-transwb.com How are we doing? Take &#8230; <a title=\"Contacta\" class=\"read-more\" href=\"https:\/\/www.northeastbus.com\/es\/contact\/\" aria-label=\"Read more about Contact\">Leer m\u00e1s<\/a><\/p>","protected":false},"author":1,"featured_media":0,"parent":0,"menu_order":6,"comment_status":"closed","ping_status":"closed","template":"","meta":{"_crdt_document":"","_monsterinsights_skip_tracking":false,"_monsterinsights_sitenote_active":false,"_monsterinsights_sitenote_note":"","_monsterinsights_sitenote_category":0,"footnotes":""},"class_list":["post-8","page","type-page","status-publish"],"yoast_head":"<!-- This site is optimized with the Yoast SEO plugin v27.4 - https:\/\/yoast.com\/product\/yoast-seo-wordpress\/ -->\n<title>Contact - North East Transportation<\/title>\n<meta name=\"description\" content=\"For Immediate Assistance, call (203) 753-2538 Physical Address: 761 Frost Bridge Rd, Watertown, CT 06795 Billing\/ Mailing Address: P.O. Box 4670Waterbury, CT, 06704\" \/>\n<meta name=\"robots\" content=\"index, follow, max-snippet:-1, max-image-preview:large, max-video-preview:-1\" \/>\n<link rel=\"canonical\" href=\"https:\/\/www.northeastbus.com\/es\/contact\/\" \/>\n<meta property=\"og:locale\" content=\"es_ES\" \/>\n<meta property=\"og:type\" content=\"article\" \/>\n<meta property=\"og:title\" content=\"Contact - North East Transportation\" \/>\n<meta property=\"og:description\" content=\"For Immediate Assistance, call (203) 753-2538 Physical Address: 761 Frost Bridge Rd, Watertown, CT 06795 Billing\/ Mailing Address: P.O. Box 4670Waterbury, CT, 06704\" \/>\n<meta property=\"og:url\" content=\"https:\/\/www.northeastbus.com\/es\/contact\/\" \/>\n<meta property=\"og:site_name\" content=\"North East Transportation\" \/>\n<meta property=\"article:modified_time\" content=\"2022-02-10T15:26:27+00:00\" \/>\n<meta name=\"twitter:card\" content=\"summary_large_image\" \/>\n<meta name=\"twitter:label1\" content=\"Est. reading time\" \/>\n\t<meta name=\"twitter:data1\" content=\"1 minuto\" \/>\n<script type=\"application\/ld+json\" class=\"yoast-schema-graph\">{\"@context\":\"https:\\\/\\\/schema.org\",\"@graph\":[{\"@type\":[\"WebPage\",\"ContactPage\"],\"@id\":\"https:\\\/\\\/www.northeastbus.com\\\/contact\\\/\",\"url\":\"https:\\\/\\\/www.northeastbus.com\\\/contact\\\/\",\"name\":\"Contact - North East Transportation\",\"isPartOf\":{\"@id\":\"https:\\\/\\\/www.northeastbus.com\\\/#website\"},\"datePublished\":\"2020-08-03T21:55:19+00:00\",\"dateModified\":\"2022-02-10T15:26:27+00:00\",\"description\":\"For Immediate Assistance, call (203) 753-2538 Physical Address: 761 Frost Bridge Rd, Watertown, CT 06795 Billing\\\/ Mailing Address: P.O. Box 4670Waterbury, CT, 06704\",\"breadcrumb\":{\"@id\":\"https:\\\/\\\/www.northeastbus.com\\\/contact\\\/#breadcrumb\"},\"inLanguage\":\"es\",\"potentialAction\":[{\"@type\":\"ReadAction\",\"target\":[\"https:\\\/\\\/www.northeastbus.com\\\/contact\\\/\"]}]},{\"@type\":\"BreadcrumbList\",\"@id\":\"https:\\\/\\\/www.northeastbus.com\\\/contact\\\/#breadcrumb\",\"itemListElement\":[{\"@type\":\"ListItem\",\"position\":1,\"name\":\"Home\",\"item\":\"https:\\\/\\\/www.northeastbus.com\\\/\"},{\"@type\":\"ListItem\",\"position\":2,\"name\":\"Contact\"}]},{\"@type\":\"WebSite\",\"@id\":\"https:\\\/\\\/www.northeastbus.com\\\/#website\",\"url\":\"https:\\\/\\\/www.northeastbus.com\\\/\",\"name\":\"North East Transportation\",\"description\":\"Fixed Route Bus\\\/ Paratransit Services Serving the Greater Waterbury, Meriden and Wallingford areas\",\"publisher\":{\"@id\":\"https:\\\/\\\/www.northeastbus.com\\\/#organization\"},\"potentialAction\":[{\"@type\":\"SearchAction\",\"target\":{\"@type\":\"EntryPoint\",\"urlTemplate\":\"https:\\\/\\\/www.northeastbus.com\\\/?s={search_term_string}\"},\"query-input\":{\"@type\":\"PropertyValueSpecification\",\"valueRequired\":true,\"valueName\":\"search_term_string\"}}],\"inLanguage\":\"es\"},{\"@type\":\"Organization\",\"@id\":\"https:\\\/\\\/www.northeastbus.com\\\/#organization\",\"name\":\"North East Transportation\",\"url\":\"https:\\\/\\\/www.northeastbus.com\\\/\",\"logo\":{\"@type\":\"ImageObject\",\"inLanguage\":\"es\",\"@id\":\"https:\\\/\\\/www.northeastbus.com\\\/#\\\/schema\\\/logo\\\/image\\\/\",\"url\":\"https:\\\/\\\/www.northeastbus.com\\\/wp-content\\\/uploads\\\/2020\\\/10\\\/cropped-2019-LOGO-W-ORB-002-1-1.png\",\"contentUrl\":\"https:\\\/\\\/www.northeastbus.com\\\/wp-content\\\/uploads\\\/2020\\\/10\\\/cropped-2019-LOGO-W-ORB-002-1-1.png\",\"width\":757,\"height\":249,\"caption\":\"North East Transportation\"},\"image\":{\"@id\":\"https:\\\/\\\/www.northeastbus.com\\\/#\\\/schema\\\/logo\\\/image\\\/\"}}]}<\/script>\n<!-- \/ Yoast SEO plugin. -->","yoast_head_json":{"title":"Contact - North East Transportation","description":"For Immediate Assistance, call (203) 753-2538 Physical Address: 761 Frost Bridge Rd, Watertown, CT 06795 Billing\/ Mailing Address: P.O. Box 4670Waterbury, CT, 06704","robots":{"index":"index","follow":"follow","max-snippet":"max-snippet:-1","max-image-preview":"max-image-preview:large","max-video-preview":"max-video-preview:-1"},"canonical":"https:\/\/www.northeastbus.com\/es\/contact\/","og_locale":"es_ES","og_type":"article","og_title":"Contact - North East Transportation","og_description":"For Immediate Assistance, call (203) 753-2538 Physical Address: 761 Frost Bridge Rd, Watertown, CT 06795 Billing\/ Mailing Address: P.O. Box 4670Waterbury, CT, 06704","og_url":"https:\/\/www.northeastbus.com\/es\/contact\/","og_site_name":"North East Transportation","article_modified_time":"2022-02-10T15:26:27+00:00","twitter_card":"summary_large_image","twitter_misc":{"Est. reading time":"1 minuto"},"schema":{"@context":"https:\/\/schema.org","@graph":[{"@type":["WebPage","ContactPage"],"@id":"https:\/\/www.northeastbus.com\/contact\/","url":"https:\/\/www.northeastbus.com\/contact\/","name":"Contact - North East Transportation","isPartOf":{"@id":"https:\/\/www.northeastbus.com\/#website"},"datePublished":"2020-08-03T21:55:19+00:00","dateModified":"2022-02-10T15:26:27+00:00","description":"For Immediate Assistance, call (203) 753-2538 Physical Address: 761 Frost Bridge Rd, Watertown, CT 06795 Billing\/ Mailing Address: P.O. Box 4670Waterbury, CT, 06704","breadcrumb":{"@id":"https:\/\/www.northeastbus.com\/contact\/#breadcrumb"},"inLanguage":"es","potentialAction":[{"@type":"ReadAction","target":["https:\/\/www.northeastbus.com\/contact\/"]}]},{"@type":"BreadcrumbList","@id":"https:\/\/www.northeastbus.com\/contact\/#breadcrumb","itemListElement":[{"@type":"ListItem","position":1,"name":"Home","item":"https:\/\/www.northeastbus.com\/"},{"@type":"ListItem","position":2,"name":"Contact"}]},{"@type":"WebSite","@id":"https:\/\/www.northeastbus.com\/#website","url":"https:\/\/www.northeastbus.com\/","name":"North East Transportation","description":"Fixed Route Bus\/ Paratransit Services Serving the Greater Waterbury, Meriden and Wallingford areas","publisher":{"@id":"https:\/\/www.northeastbus.com\/#organization"},"potentialAction":[{"@type":"SearchAction","target":{"@type":"EntryPoint","urlTemplate":"https:\/\/www.northeastbus.com\/?s={search_term_string}"},"query-input":{"@type":"PropertyValueSpecification","valueRequired":true,"valueName":"search_term_string"}}],"inLanguage":"es"},{"@type":"Organization","@id":"https:\/\/www.northeastbus.com\/#organization","name":"North East Transportation","url":"https:\/\/www.northeastbus.com\/","logo":{"@type":"ImageObject","inLanguage":"es","@id":"https:\/\/www.northeastbus.com\/#\/schema\/logo\/image\/","url":"https:\/\/www.northeastbus.com\/wp-content\/uploads\/2020\/10\/cropped-2019-LOGO-W-ORB-002-1-1.png","contentUrl":"https:\/\/www.northeastbus.com\/wp-content\/uploads\/2020\/10\/cropped-2019-LOGO-W-ORB-002-1-1.png","width":757,"height":249,"caption":"North East Transportation"},"image":{"@id":"https:\/\/www.northeastbus.com\/#\/schema\/logo\/image\/"}}]}},"_links":{"self":[{"href":"https:\/\/www.northeastbus.com\/es\/wp-json\/wp\/v2\/pages\/8","targetHints":{"allow":["GET"]}}],"collection":[{"href":"https:\/\/www.northeastbus.com\/es\/wp-json\/wp\/v2\/pages"}],"about":[{"href":"https:\/\/www.northeastbus.com\/es\/wp-json\/wp\/v2\/types\/page"}],"author":[{"embeddable":true,"href":"https:\/\/www.northeastbus.com\/es\/wp-json\/wp\/v2\/users\/1"}],"replies":[{"embeddable":true,"href":"https:\/\/www.northeastbus.com\/es\/wp-json\/wp\/v2\/comments?post=8"}],"version-history":[{"count":28,"href":"https:\/\/www.northeastbus.com\/es\/wp-json\/wp\/v2\/pages\/8\/revisions"}],"predecessor-version":[{"id":955,"href":"https:\/\/www.northeastbus.com\/es\/wp-json\/wp\/v2\/pages\/8\/revisions\/955"}],"wp:attachment":[{"href":"https:\/\/www.northeastbus.com\/es\/wp-json\/wp\/v2\/media?parent=8"}],"curies":[{"name":"wp","href":"https:\/\/api.w.org\/{rel}","templated":true}]}}