{"id":7,"date":"2020-08-03T17:55:18","date_gmt":"2020-08-03T21:55:18","guid":{"rendered":"http:\/\/localhost\/wordpress\/?page_id=7"},"modified":"2022-02-10T10:21:38","modified_gmt":"2022-02-10T15:21:38","slug":"about","status":"publish","type":"page","link":"https:\/\/www.northeastbus.com\/es\/about\/","title":{"rendered":"Acerca de"},"content":{"rendered":"<div data-elementor-type=\"wp-page\" data-elementor-id=\"7\" class=\"elementor elementor-7\">\n\t\t\t\t\t\t<section class=\"elementor-section elementor-top-section elementor-element elementor-element-70d3f415 elementor-section-boxed elementor-section-height-default elementor-section-height-default\" data-id=\"70d3f415\" data-element_type=\"section\" data-e-type=\"section\">\n\t\t\t\t\t\t<div class=\"elementor-container elementor-column-gap-default\">\n\t\t\t\t\t<div class=\"elementor-column elementor-col-100 elementor-top-column elementor-element elementor-element-9dd3561\" data-id=\"9dd3561\" data-element_type=\"column\" data-e-type=\"column\">\n\t\t\t<div class=\"elementor-widget-wrap elementor-element-populated\">\n\t\t\t\t\t\t<section class=\"elementor-section elementor-inner-section elementor-element elementor-element-7506f8a elementor-section-boxed elementor-section-height-default elementor-section-height-default\" data-id=\"7506f8a\" data-element_type=\"section\" data-e-type=\"section\">\n\t\t\t\t\t\t<div class=\"elementor-container elementor-column-gap-default\">\n\t\t\t\t\t<div class=\"elementor-column elementor-col-100 elementor-inner-column elementor-element elementor-element-0669d95\" data-id=\"0669d95\" data-element_type=\"column\" data-e-type=\"column\">\n\t\t\t<div class=\"elementor-widget-wrap elementor-element-populated\">\n\t\t\t\t\t\t<div class=\"elementor-element elementor-element-e013388 elementor-widget elementor-widget-heading\" data-id=\"e013388\" data-element_type=\"widget\" data-e-type=\"widget\" data-widget_type=\"heading.default\">\n\t\t\t\t<div class=\"elementor-widget-container\">\n\t\t\t\t\t<h2 class=\"elementor-heading-title elementor-size-large\">North East Transportation Company, Inc. (NET) brinda servicios de transporte p\u00fablico y paratr\u00e1nsito convenientes, seguros y confiables en las \u00e1reas de Greater Waterbury, Meriden y Wallingford. NET tambi\u00e9n opera servicios expresos desde Waterbury a Thomaston a Torrington.<\/h2>\t\t\t\t<\/div>\n\t\t\t\t<\/div>\n\t\t\t\t<div class=\"elementor-element elementor-element-6c86f40 elementor-widget elementor-widget-spacer\" data-id=\"6c86f40\" data-element_type=\"widget\" data-e-type=\"widget\" data-widget_type=\"spacer.default\">\n\t\t\t\t<div class=\"elementor-widget-container\">\n\t\t\t\t\t\t\t<div class=\"elementor-spacer\">\n\t\t\t<div class=\"elementor-spacer-inner\"><\/div>\n\t\t<\/div>\n\t\t\t\t\t\t<\/div>\n\t\t\t\t<\/div>\n\t\t\t\t<div class=\"elementor-element elementor-element-cec4aef elementor-widget elementor-widget-heading\" data-id=\"cec4aef\" data-element_type=\"widget\" data-e-type=\"widget\" data-widget_type=\"heading.default\">\n\t\t\t\t<div class=\"elementor-widget-container\">\n\t\t\t\t\t<h3 class=\"elementor-heading-title elementor-size-large\">Historia de la Compa\u00f1\u00eda<\/h3>\t\t\t\t<\/div>\n\t\t\t\t<\/div>\n\t\t\t\t<div class=\"elementor-element elementor-element-d842c42 elementor-widget elementor-widget-text-editor\" data-id=\"d842c42\" data-element_type=\"widget\" data-e-type=\"widget\" data-widget_type=\"text-editor.default\">\n\t\t\t\t<div class=\"elementor-widget-container\">\n\t\t\t\t\t\t\t\t\t<div class=\"breadcrumbs align  wp-block-bcn-breadcrumb-trail has-text-color has-background\" vocab=\"https:\/\/schema.org\/\" typeof=\"BreadcrumbList\">\n\t<span><\/span>\n\t<span property=\"itemListElement\" typeof=\"ListItem\"><a property=\"item\" typeof=\"WebPage\" title=\"Go to North East Transportation.\" href=\"https:\/\/www.northeastbus.com\/es\" class=\"home\" aria-current=\"page\"><span property=\"name\">North East Transportation<\/span><\/a><meta property=\"position\" content=\"1\"><\/span><\/div>\n<div class=\"gb-container gb-container-247c471e\"><div class=\"gb-inside-container\"><\/div><\/div>\n<p>A principios de la d\u00e9cada de 1920, hab\u00eda varios propietarios \/ operadores de jitney independientes en la ciudad de Waterbury. En 1925, para sobrevivir en una era de creciente competencia y regulaciones gubernamentales, los propietarios de jitney decidieron trabajar juntos y formaron North East Transportation Company, Inc. (NET)<\/p>\n\n<p class=\"wp-block-paragraph\">Durante ese mismo per\u00edodo de tiempo general, The Connecticut Company fue la \u00fanica empresa de transporte importante en Waterbury. Dos compa\u00f1\u00edas m\u00e1s peque\u00f1as, Cooke Street Line y Waterbury &amp; Milldale Tramway Co., (tambi\u00e9n llamada Green Line), tambi\u00e9n operaban adem\u00e1s de North East.<\/p>\n\n<p class=\"wp-block-paragraph\">La Compa\u00f1\u00eda de Connecticut, habiendo sido completamente un ferrocarril urbano, se estaba convirtiendo en autocares y en 1937 todos los \"carros\" el\u00e9ctricos hab\u00edan sido reemplazados por autobuses a motor. La franquicia de Connecticut Company fue adquirida por Connecticut Railway and Lighting Company (CR&amp;L) a mediados de la d\u00e9cada de 1930 y mantuvo el servicio hasta 1973. En ese momento renunci\u00f3 a su franquicia, dejando a NET como el \u00fanico proveedor de transporte p\u00fablico en autob\u00fas en Waterbury.<\/p>\n\n<p class=\"wp-block-paragraph\">NET fue fundamental en el establecimiento de una asociaci\u00f3n p\u00fablico \/ privada con el Departamento de Transporte de Connecticut (CTDOT) para proporcionar transporte colectivo en autob\u00fas en Greater Waterbury. A principios de los a\u00f1os setenta, el transporte p\u00fablico en autob\u00fas en Waterbury se enfrentaba a una importante encrucijada. Con el cierre de varias f\u00e1bricas, las empresas que se mudaron del centro de la ciudad y el creciente uso de autom\u00f3viles, los operadores de transporte p\u00fablico de autobuses privados locales no pudieron sobrevivir sin asistencia financiera. En 1974, el gerente general de North East, Harry W. Filippone, se acerc\u00f3 al alcalde de Waterbury en busca de ayuda financiera, y la ciudad de Waterbury autoriz\u00f3 una subvenci\u00f3n de $ 40,000 para mantener a NET en funcionamiento. CTDOT se dio cuenta de lo importante que era el servicio de autob\u00fas para la ciudad de Waterbury y se estableci\u00f3 la base para esta asociaci\u00f3n p\u00fablico \/ privada.<\/p>\n\n<p class=\"wp-block-paragraph\">En 1980 y 1994, respectivamente, NET comenz\u00f3 a operar servicios de paratr\u00e1nsito de ruta fija y ADA en las \u00e1reas de Meriden y Wallingford. En julio de 2000, la Compa\u00f1\u00eda comenz\u00f3 a operar servicios de paratr\u00e1nsito ADA y no ADA en el \u00e1rea metropolitana de Waterbury, as\u00ed como servicios fuera de la ruta \/ fuera del horario laboral bajo el programa de asistencia social al trabajo de la Ciudad. A lo largo del a\u00f1o, comenzaron muchos programas para pasajeros mayores \/ discapacitados, junto con el servicio de autob\u00fas nocturno en Waterbury y Torrington \/ Waterbury Flyer. A partir del 5 de abril de 2015, la mayor\u00eda de los servicios se brindan ahora los 365 d\u00edas del a\u00f1o. La Compa\u00f1\u00eda ofrece m\u00e1s de 2.8 millones de viajes al a\u00f1o.<\/p>\n\t\t\t\t\t\t\t\t<\/div>\n\t\t\t\t<\/div>\n\t\t\t\t\t<\/div>\n\t\t<\/div>\n\t\t\t\t\t<\/div>\n\t\t<\/section>\n\t\t\t\t\t<\/div>\n\t\t<\/div>\n\t\t\t\t\t<\/div>\n\t\t<\/section>\n\t\t\t\t<\/div>","protected":false},"excerpt":{"rendered":"<p>North East Transportation Company, Inc. (NET) provides convenient, safe, and reliable Public Bus and Paratransit services in the Greater Waterbury, Meriden, Wallingford Areas. The Company operates a fleet of 84 revenue vehicles and has 165 employees. Company History In the early 1920s, there were a number of independent jitney owners\/operators in the city of Waterbury. &#8230; <a title=\"Acerca de\" class=\"read-more\" href=\"https:\/\/www.northeastbus.com\/es\/about\/\" aria-label=\"Read more about About\">Leer m\u00e1s<\/a><\/p>","protected":false},"author":1,"featured_media":0,"parent":0,"menu_order":2,"comment_status":"closed","ping_status":"closed","template":"","meta":{"_crdt_document":"","_monsterinsights_skip_tracking":false,"_monsterinsights_sitenote_active":false,"_monsterinsights_sitenote_note":"","_monsterinsights_sitenote_category":0,"footnotes":""},"class_list":["post-7","page","type-page","status-publish"],"yoast_head":"<!-- This site is optimized with the Yoast SEO plugin v27.4 - https:\/\/yoast.com\/product\/yoast-seo-wordpress\/ -->\n<title>About - North East Transportation<\/title>\n<meta name=\"description\" content=\"North East Transportation Company, Inc. (NET) provides convenient, safe, and reliable Public Bus and Paratransit services in the Greater Waterbury, Meriden, Wallingford Areas. The Company operates a fleet of 84 revenue vehicles and has 165 employees.\" \/>\n<meta name=\"robots\" content=\"index, follow, max-snippet:-1, max-image-preview:large, max-video-preview:-1\" \/>\n<link rel=\"canonical\" href=\"https:\/\/www.northeastbus.com\/es\/about\/\" \/>\n<meta property=\"og:locale\" content=\"es_ES\" \/>\n<meta property=\"og:type\" content=\"article\" \/>\n<meta property=\"og:title\" content=\"About NET\" \/>\n<meta property=\"og:description\" content=\"North East Transportation Company, Inc. (NET) provides convenient, safe, and reliable Public Bus and Paratransit services in the Greater Waterbury, Meriden, Wallingford Areas. The Company operates a fleet of 84 revenue vehicles and has 165 employees.\" \/>\n<meta property=\"og:url\" content=\"https:\/\/www.northeastbus.com\/es\/about\/\" \/>\n<meta property=\"og:site_name\" content=\"North East Transportation\" \/>\n<meta property=\"article:modified_time\" content=\"2022-02-10T15:21:38+00:00\" \/>\n<meta property=\"og:image\" content=\"https:\/\/www.northeastbus.com\/wp-content\/uploads\/2020\/11\/DJI_0020-scaled.jpg\" \/>\n\t<meta property=\"og:image:width\" content=\"2560\" \/>\n\t<meta property=\"og:image:height\" content=\"1440\" \/>\n\t<meta property=\"og:image:type\" content=\"image\/jpeg\" \/>\n<meta name=\"twitter:card\" content=\"summary_large_image\" \/>\n<meta name=\"twitter:title\" content=\"About NET\" \/>\n<meta name=\"twitter:description\" content=\"North East Transportation Company, Inc. (NET) provides convenient, safe, and reliable Public Bus and Paratransit services in the Greater Waterbury, Meriden, Wallingford Areas. The Company operates a fleet of 84 revenue vehicles and has 165 employees.\" \/>\n<meta name=\"twitter:image\" content=\"https:\/\/www.northeastbus.com\/wp-content\/uploads\/2020\/11\/DJI_0020-scaled.jpg\" \/>\n<meta name=\"twitter:label1\" content=\"Est. reading time\" \/>\n\t<meta name=\"twitter:data1\" content=\"2 minutos\" \/>\n<script type=\"application\/ld+json\" class=\"yoast-schema-graph\">{\"@context\":\"https:\\\/\\\/schema.org\",\"@graph\":[{\"@type\":[\"WebPage\",\"AboutPage\"],\"@id\":\"https:\\\/\\\/www.northeastbus.com\\\/about\\\/\",\"url\":\"https:\\\/\\\/www.northeastbus.com\\\/about\\\/\",\"name\":\"About - North East Transportation\",\"isPartOf\":{\"@id\":\"https:\\\/\\\/www.northeastbus.com\\\/#website\"},\"datePublished\":\"2020-08-03T21:55:18+00:00\",\"dateModified\":\"2022-02-10T15:21:38+00:00\",\"description\":\"North East Transportation Company, Inc. (NET) provides convenient, safe, and reliable Public Bus and Paratransit services in the Greater Waterbury, Meriden, Wallingford Areas. The Company operates a fleet of 84 revenue vehicles and has 165 employees.\",\"breadcrumb\":{\"@id\":\"https:\\\/\\\/www.northeastbus.com\\\/about\\\/#breadcrumb\"},\"inLanguage\":\"es\",\"potentialAction\":[{\"@type\":\"ReadAction\",\"target\":[\"https:\\\/\\\/www.northeastbus.com\\\/about\\\/\"]}]},{\"@type\":\"BreadcrumbList\",\"@id\":\"https:\\\/\\\/www.northeastbus.com\\\/about\\\/#breadcrumb\",\"itemListElement\":[{\"@type\":\"ListItem\",\"position\":1,\"name\":\"Home\",\"item\":\"https:\\\/\\\/www.northeastbus.com\\\/\"},{\"@type\":\"ListItem\",\"position\":2,\"name\":\"About\"}]},{\"@type\":\"WebSite\",\"@id\":\"https:\\\/\\\/www.northeastbus.com\\\/#website\",\"url\":\"https:\\\/\\\/www.northeastbus.com\\\/\",\"name\":\"North East Transportation\",\"description\":\"Fixed Route Bus\\\/ Paratransit Services Serving the Greater Waterbury, Meriden and Wallingford areas\",\"publisher\":{\"@id\":\"https:\\\/\\\/www.northeastbus.com\\\/#organization\"},\"potentialAction\":[{\"@type\":\"SearchAction\",\"target\":{\"@type\":\"EntryPoint\",\"urlTemplate\":\"https:\\\/\\\/www.northeastbus.com\\\/?s={search_term_string}\"},\"query-input\":{\"@type\":\"PropertyValueSpecification\",\"valueRequired\":true,\"valueName\":\"search_term_string\"}}],\"inLanguage\":\"es\"},{\"@type\":\"Organization\",\"@id\":\"https:\\\/\\\/www.northeastbus.com\\\/#organization\",\"name\":\"North East Transportation\",\"url\":\"https:\\\/\\\/www.northeastbus.com\\\/\",\"logo\":{\"@type\":\"ImageObject\",\"inLanguage\":\"es\",\"@id\":\"https:\\\/\\\/www.northeastbus.com\\\/#\\\/schema\\\/logo\\\/image\\\/\",\"url\":\"https:\\\/\\\/www.northeastbus.com\\\/wp-content\\\/uploads\\\/2020\\\/10\\\/cropped-2019-LOGO-W-ORB-002-1-1.png\",\"contentUrl\":\"https:\\\/\\\/www.northeastbus.com\\\/wp-content\\\/uploads\\\/2020\\\/10\\\/cropped-2019-LOGO-W-ORB-002-1-1.png\",\"width\":757,\"height\":249,\"caption\":\"North East Transportation\"},\"image\":{\"@id\":\"https:\\\/\\\/www.northeastbus.com\\\/#\\\/schema\\\/logo\\\/image\\\/\"}}]}<\/script>\n<!-- \/ Yoast SEO plugin. -->","yoast_head_json":{"title":"About - North East Transportation","description":"North East Transportation Company, Inc. (NET) brinda servicios de transporte p\u00fablico y paratr\u00e1nsito convenientes, seguros y confiables en las \u00e1reas de Greater Waterbury, Meriden y Wallingford. NET tambi\u00e9n opera servicios expresos desde Waterbury a Thomaston a Torrington.","robots":{"index":"index","follow":"follow","max-snippet":"max-snippet:-1","max-image-preview":"max-image-preview:large","max-video-preview":"max-video-preview:-1"},"canonical":"https:\/\/www.northeastbus.com\/es\/about\/","og_locale":"es_ES","og_type":"article","og_title":"About NET","og_description":"North East Transportation Company, Inc. (NET) provides convenient, safe, and reliable Public Bus and Paratransit services in the Greater Waterbury, Meriden, Wallingford Areas. The Company operates a fleet of 84 revenue vehicles and has 165 employees.","og_url":"https:\/\/www.northeastbus.com\/es\/about\/","og_site_name":"North East Transportation","article_modified_time":"2022-02-10T15:21:38+00:00","og_image":[{"width":2560,"height":1440,"url":"https:\/\/www.northeastbus.com\/wp-content\/uploads\/2020\/11\/DJI_0020-scaled.jpg","type":"image\/jpeg"}],"twitter_card":"summary_large_image","twitter_title":"About NET","twitter_description":"North East Transportation Company, Inc. (NET) provides convenient, safe, and reliable Public Bus and Paratransit services in the Greater Waterbury, Meriden, Wallingford Areas. The Company operates a fleet of 84 revenue vehicles and has 165 employees.","twitter_image":"https:\/\/www.northeastbus.com\/wp-content\/uploads\/2020\/11\/DJI_0020-scaled.jpg","twitter_misc":{"Est. reading time":"2 minutos"},"schema":{"@context":"https:\/\/schema.org","@graph":[{"@type":["WebPage","AboutPage"],"@id":"https:\/\/www.northeastbus.com\/about\/","url":"https:\/\/www.northeastbus.com\/about\/","name":"About - North East Transportation","isPartOf":{"@id":"https:\/\/www.northeastbus.com\/#website"},"datePublished":"2020-08-03T21:55:18+00:00","dateModified":"2022-02-10T15:21:38+00:00","description":"North East Transportation Company, Inc. (NET) brinda servicios de transporte p\u00fablico y paratr\u00e1nsito convenientes, seguros y confiables en las \u00e1reas de Greater Waterbury, Meriden y Wallingford. NET tambi\u00e9n opera servicios expresos desde Waterbury a Thomaston a Torrington.","breadcrumb":{"@id":"https:\/\/www.northeastbus.com\/about\/#breadcrumb"},"inLanguage":"es","potentialAction":[{"@type":"ReadAction","target":["https:\/\/www.northeastbus.com\/about\/"]}]},{"@type":"BreadcrumbList","@id":"https:\/\/www.northeastbus.com\/about\/#breadcrumb","itemListElement":[{"@type":"ListItem","position":1,"name":"Home","item":"https:\/\/www.northeastbus.com\/"},{"@type":"ListItem","position":2,"name":"About"}]},{"@type":"WebSite","@id":"https:\/\/www.northeastbus.com\/#website","url":"https:\/\/www.northeastbus.com\/","name":"North East Transportation","description":"Fixed Route Bus\/ Paratransit Services Serving the Greater Waterbury, Meriden and Wallingford areas","publisher":{"@id":"https:\/\/www.northeastbus.com\/#organization"},"potentialAction":[{"@type":"SearchAction","target":{"@type":"EntryPoint","urlTemplate":"https:\/\/www.northeastbus.com\/?s={search_term_string}"},"query-input":{"@type":"PropertyValueSpecification","valueRequired":true,"valueName":"search_term_string"}}],"inLanguage":"es"},{"@type":"Organization","@id":"https:\/\/www.northeastbus.com\/#organization","name":"North East Transportation","url":"https:\/\/www.northeastbus.com\/","logo":{"@type":"ImageObject","inLanguage":"es","@id":"https:\/\/www.northeastbus.com\/#\/schema\/logo\/image\/","url":"https:\/\/www.northeastbus.com\/wp-content\/uploads\/2020\/10\/cropped-2019-LOGO-W-ORB-002-1-1.png","contentUrl":"https:\/\/www.northeastbus.com\/wp-content\/uploads\/2020\/10\/cropped-2019-LOGO-W-ORB-002-1-1.png","width":757,"height":249,"caption":"North East Transportation"},"image":{"@id":"https:\/\/www.northeastbus.com\/#\/schema\/logo\/image\/"}}]}},"_links":{"self":[{"href":"https:\/\/www.northeastbus.com\/es\/wp-json\/wp\/v2\/pages\/7","targetHints":{"allow":["GET"]}}],"collection":[{"href":"https:\/\/www.northeastbus.com\/es\/wp-json\/wp\/v2\/pages"}],"about":[{"href":"https:\/\/www.northeastbus.com\/es\/wp-json\/wp\/v2\/types\/page"}],"author":[{"embeddable":true,"href":"https:\/\/www.northeastbus.com\/es\/wp-json\/wp\/v2\/users\/1"}],"replies":[{"embeddable":true,"href":"https:\/\/www.northeastbus.com\/es\/wp-json\/wp\/v2\/comments?post=7"}],"version-history":[{"count":30,"href":"https:\/\/www.northeastbus.com\/es\/wp-json\/wp\/v2\/pages\/7\/revisions"}],"predecessor-version":[{"id":953,"href":"https:\/\/www.northeastbus.com\/es\/wp-json\/wp\/v2\/pages\/7\/revisions\/953"}],"wp:attachment":[{"href":"https:\/\/www.northeastbus.com\/es\/wp-json\/wp\/v2\/media?parent=7"}],"curies":[{"name":"wp","href":"https:\/\/api.w.org\/{rel}","templated":true}]}}