{"id":425,"date":"2020-09-10T11:00:55","date_gmt":"2020-09-10T15:00:55","guid":{"rendered":"http:\/\/localhost\/wordpress\/?page_id=425"},"modified":"2022-01-26T12:05:28","modified_gmt":"2022-01-26T17:05:28","slug":"title-vi","status":"publish","type":"page","link":"https:\/\/www.northeastbus.com\/es\/title-vi\/","title":{"rendered":"Title VI"},"content":{"rendered":"<div data-elementor-type=\"wp-page\" data-elementor-id=\"425\" class=\"elementor elementor-425\">\n\t\t\t\t\t\t<section class=\"elementor-section elementor-top-section elementor-element elementor-element-16392a3 elementor-section-content-middle elementor-section-boxed elementor-section-height-default elementor-section-height-default\" data-id=\"16392a3\" data-element_type=\"section\" data-e-type=\"section\" data-settings=\"{&quot;background_background&quot;:&quot;classic&quot;}\">\n\t\t\t\t\t\t<div class=\"elementor-container elementor-column-gap-default\">\n\t\t\t\t\t<div class=\"elementor-column elementor-col-100 elementor-top-column elementor-element elementor-element-abf4b40\" data-id=\"abf4b40\" data-element_type=\"column\" data-e-type=\"column\" data-settings=\"{&quot;background_background&quot;:&quot;classic&quot;}\">\n\t\t\t<div class=\"elementor-widget-wrap elementor-element-populated\">\n\t\t\t\t\t\t<div class=\"elementor-element elementor-element-44a8a59 elementor-widget elementor-widget-heading\" data-id=\"44a8a59\" data-element_type=\"widget\" data-e-type=\"widget\" data-widget_type=\"heading.default\">\n\t\t\t\t<div class=\"elementor-widget-container\">\n\t\t\t\t\t<h2 class=\"elementor-heading-title elementor-size-large\">North East Transportation se compromete a garantizar que ninguna persona sea excluida de la participaci\u00f3n, se le nieguen beneficios o de otra manera sea objeto de discriminaci\u00f3n en cualquier programa o actividad, por motivos de raza, color u origen nacional.<\/h2>\t\t\t\t<\/div>\n\t\t\t\t<\/div>\n\t\t\t\t\t<\/div>\n\t\t<\/div>\n\t\t\t\t\t<\/div>\n\t\t<\/section>\n\t\t\t\t<section class=\"elementor-section elementor-top-section elementor-element elementor-element-9a0c74b elementor-section-boxed elementor-section-height-default elementor-section-height-default\" data-id=\"9a0c74b\" data-element_type=\"section\" data-e-type=\"section\">\n\t\t\t\t\t\t<div class=\"elementor-container elementor-column-gap-default\">\n\t\t\t\t\t<div class=\"elementor-column elementor-col-100 elementor-top-column elementor-element elementor-element-4da9aa6\" data-id=\"4da9aa6\" data-element_type=\"column\" data-e-type=\"column\">\n\t\t\t<div class=\"elementor-widget-wrap elementor-element-populated\">\n\t\t\t\t\t\t<div class=\"elementor-element elementor-element-c14a262 elementor-widget elementor-widget-text-editor\" data-id=\"c14a262\" data-element_type=\"widget\" data-e-type=\"widget\" data-widget_type=\"text-editor.default\">\n\t\t\t\t<div class=\"elementor-widget-container\">\n\t\t\t\t\t\t\t\t\t<p>North East Transportation, como subreceptor de la asistencia financiera federal, asegurar\u00e1 el pleno cumplimiento del T\u00edtulo VI de la Ley de Derechos Civiles de 1964, en su forma enmendada y los estatutos y reglamentos relacionados en todos los programas y actividades de North East Transportation Co., Inc.<\/p>\n<p>Cualquier persona que crea que ha sido objeto de discriminaci\u00f3n o represalias por motivos de raza, color u origen nacional puede presentar una queja seg\u00fan el T\u00edtulo VI. Las quejas se pueden presentar directamente a North East Transportation Co., Inc. o al Departamento de Transporte de Connecticut. Las quejas deben presentarse por escrito y estar firmadas por el denunciante o un representante y deben incluir el nombre, la direcci\u00f3n y el n\u00famero de tel\u00e9fono del denunciante u otros medios por los cuales se pueda contactar al denunciante. Las quejas deben presentarse dentro de los 180 d\u00edas posteriores a la fecha del presunto acto discriminatorio.<\/p>\n<p>Para solicitar informaci\u00f3n adicional sobre el T\u00edtulo VI de North East Transportation Co., Inc. o para presentar una queja de T\u00edtulo VI, env\u00ede su solicitud o queja por escrito a:<\/p>\t\t\t\t\t\t\t\t<\/div>\n\t\t\t\t<\/div>\n\t\t\t\t\t<\/div>\n\t\t<\/div>\n\t\t\t\t\t<\/div>\n\t\t<\/section>\n\t\t\t\t<section class=\"elementor-section elementor-top-section elementor-element elementor-element-ce8a1a8 elementor-section-boxed elementor-section-height-default elementor-section-height-default\" data-id=\"ce8a1a8\" data-element_type=\"section\" data-e-type=\"section\">\n\t\t\t\t\t\t<div class=\"elementor-container elementor-column-gap-default\">\n\t\t\t\t\t<div class=\"elementor-column elementor-col-33 elementor-top-column elementor-element elementor-element-932ae53\" data-id=\"932ae53\" data-element_type=\"column\" data-e-type=\"column\">\n\t\t\t<div class=\"elementor-widget-wrap elementor-element-populated\">\n\t\t\t\t\t\t<div class=\"elementor-element elementor-element-b9efb87 elementor-widget elementor-widget-text-editor\" data-id=\"b9efb87\" data-element_type=\"widget\" data-e-type=\"widget\" data-widget_type=\"text-editor.default\">\n\t\t\t\t<div class=\"elementor-widget-container\">\n\t\t\t\t\t\t\t\t\t<p style=\"text-align: center;\">Michael Velez<br \/>Compliance Manager<br \/>North East Transportation<br \/>PO Box 4670<br \/>Waterbury, CT 06704<\/p>\t\t\t\t\t\t\t\t<\/div>\n\t\t\t\t<\/div>\n\t\t\t\t\t<\/div>\n\t\t<\/div>\n\t\t\t\t<div class=\"elementor-column elementor-col-33 elementor-top-column elementor-element elementor-element-fc9d514\" data-id=\"fc9d514\" data-element_type=\"column\" data-e-type=\"column\">\n\t\t\t<div class=\"elementor-widget-wrap elementor-element-populated\">\n\t\t\t\t\t\t<div class=\"elementor-element elementor-element-3d54d9f elementor-widget elementor-widget-text-editor\" data-id=\"3d54d9f\" data-element_type=\"widget\" data-e-type=\"widget\" data-widget_type=\"text-editor.default\">\n\t\t\t\t<div class=\"elementor-widget-container\">\n\t\t\t\t\t\t\t\t\t<p style=\"text-align: center;\">Division of Contract Compliance,<br \/>Manager<br \/>Connecticut Department of<br \/>Transportation<br \/>2800 Berlin Turnpike<br \/>Newington, CT 06111<\/p>\t\t\t\t\t\t\t\t<\/div>\n\t\t\t\t<\/div>\n\t\t\t\t\t<\/div>\n\t\t<\/div>\n\t\t\t\t<div class=\"elementor-column elementor-col-33 elementor-top-column elementor-element elementor-element-796c502\" data-id=\"796c502\" data-element_type=\"column\" data-e-type=\"column\">\n\t\t\t<div class=\"elementor-widget-wrap elementor-element-populated\">\n\t\t\t\t\t\t<div class=\"elementor-element elementor-element-c113268 elementor-widget elementor-widget-text-editor\" data-id=\"c113268\" data-element_type=\"widget\" data-e-type=\"widget\" data-widget_type=\"text-editor.default\">\n\t\t\t\t<div class=\"elementor-widget-container\">\n\t\t\t\t\t\t\t\t\t<p style=\"text-align: center;\">Federal Transit Administration<br \/>Office of Civil Rights<br \/>Attn: Complaint Team<br \/>East Building, 5th Floor \u2013 TCR<br \/>1200 New Jersey Avenue, SE<br \/>Washington, DC 20590<\/p>\t\t\t\t\t\t\t\t<\/div>\n\t\t\t\t<\/div>\n\t\t\t\t\t<\/div>\n\t\t<\/div>\n\t\t\t\t\t<\/div>\n\t\t<\/section>\n\t\t\t\t<section class=\"elementor-section elementor-top-section elementor-element elementor-element-07dba9f elementor-section-boxed elementor-section-height-default elementor-section-height-default\" data-id=\"07dba9f\" data-element_type=\"section\" data-e-type=\"section\">\n\t\t\t\t\t\t<div class=\"elementor-container elementor-column-gap-default\">\n\t\t\t\t\t<div class=\"elementor-column elementor-col-100 elementor-top-column elementor-element elementor-element-8f7a329\" data-id=\"8f7a329\" data-element_type=\"column\" data-e-type=\"column\">\n\t\t\t<div class=\"elementor-widget-wrap elementor-element-populated\">\n\t\t\t\t\t\t<div class=\"elementor-element elementor-element-69d9c6e elementor-widget elementor-widget-heading\" data-id=\"69d9c6e\" data-element_type=\"widget\" data-e-type=\"widget\" data-widget_type=\"heading.default\">\n\t\t\t\t<div class=\"elementor-widget-container\">\n\t\t\t\t\t<h2 class=\"elementor-heading-title elementor-size-default\">Si necesita presentar una queja ...<\/h2>\t\t\t\t<\/div>\n\t\t\t\t<\/div>\n\t\t\t\t<div class=\"elementor-element elementor-element-c8db6a8 elementor-widget elementor-widget-text-editor\" data-id=\"c8db6a8\" data-element_type=\"widget\" data-e-type=\"widget\" data-widget_type=\"text-editor.default\">\n\t\t\t\t<div class=\"elementor-widget-container\">\n\t\t\t\t\t\t\t\t\t<p>Los formularios de quejas se pueden obtener llamando a North East Transportation Co., Inc. (203-753-2538) <a href=\"https:\/\/www.northeastbus.com\/wp-content\/uploads\/2020\/09\/TitleVI_Complaint_Form_08292018.pdf\" data-wplink-url-error=\"true\">or by downloading a PDF here.<\/a><\/p><p>Avisos publicados est\u00e3o dispon\u00edveis em portugu\u00eas mediante solicita\u00e7\u00e3o contactando 203-753-2538<\/p><p>Para obtener un formulario de queja en espa\u00f1ol, <a href=\"https:\/\/www.northeastbus.com\/wp-content\/uploads\/2020\/09\/TitleVI_Complaint_Form_08292018s.pdf\" data-wplink-url-error=\"true\">haga clic aqu\u00ed para descargar un PDF<\/a>.\u00a0<\/p>\t\t\t\t\t\t\t\t<\/div>\n\t\t\t\t<\/div>\n\t\t\t\t\t<\/div>\n\t\t<\/div>\n\t\t\t\t\t<\/div>\n\t\t<\/section>\n\t\t\t\t<section class=\"elementor-section elementor-top-section elementor-element elementor-element-ef33c41 elementor-section-boxed elementor-section-height-default elementor-section-height-default\" data-id=\"ef33c41\" data-element_type=\"section\" data-e-type=\"section\">\n\t\t\t\t\t\t<div class=\"elementor-container elementor-column-gap-default\">\n\t\t\t\t\t<div class=\"elementor-column elementor-col-100 elementor-top-column elementor-element elementor-element-b516349\" data-id=\"b516349\" data-element_type=\"column\" data-e-type=\"column\">\n\t\t\t<div class=\"elementor-widget-wrap elementor-element-populated\">\n\t\t\t\t\t\t<div class=\"elementor-element elementor-element-c1d7ad3 elementor-widget elementor-widget-heading\" data-id=\"c1d7ad3\" data-element_type=\"widget\" data-e-type=\"widget\" data-widget_type=\"heading.default\">\n\t\t\t\t<div class=\"elementor-widget-container\">\n\t\t\t\t\t<h2 class=\"elementor-heading-title elementor-size-default\">Title VI Complaint Procedures<\/h2>\t\t\t\t<\/div>\n\t\t\t\t<\/div>\n\t\t\t\t<div class=\"elementor-element elementor-element-2e6f0b5 elementor-widget elementor-widget-text-editor\" data-id=\"2e6f0b5\" data-element_type=\"widget\" data-e-type=\"widget\" data-widget_type=\"text-editor.default\">\n\t\t\t\t<div class=\"elementor-widget-container\">\n\t\t\t\t\t\t\t\t\t<p>(<a href=\"https:\/\/www.northeastbus.com\/wp-content\/uploads\/2020\/09\/Title-VI-Complaint-Procedure-Spanish.pdf\">Haga clic aqu\u00ed para conocer los procedimientos de quejas en espa\u00f1ol<\/a>)<\/p><p>Cualquier persona que crea que ha sido discriminada por motivos de raza, color u origen nacional por parte de North East Transportation puede presentar una queja del T\u00edtulo VI completando y enviando <a href=\"https:\/\/www.northeastbus.com\/wp-content\/uploads\/2020\/09\/TitleVI_Complaint_Form_08292018s.pdf\" data-wplink-url-error=\"true\">Formulario de quejas del T\u00edtulo VI de North East Transportation<\/a>. North East Transportation investiga las quejas recibidas no m\u00e1s de 180 d\u00edas despu\u00e9s del presunto incidente. North East Transportation procesar\u00e1 las quejas que est\u00e9n completas.<\/p><p>Una vez que se reciba la queja, North East Transportation la revisar\u00e1 para determinar si nuestra oficina tiene jurisdicci\u00f3n. El denunciante recibir\u00e1 una carta de reconocimiento inform\u00e1ndole si la denuncia ser\u00e1 investigada por nuestra oficina. North East Transportation notificar\u00e1 al Coordinador de T\u00edtulo VI del Departamento de Transporte de Connecticut de cualquier queja de T\u00edtulo VI presentada, dentro de los 10 d\u00edas h\u00e1biles posteriores a la recepci\u00f3n.<\/p><p>North East Transportation tiene 40 d\u00edas para investigar la queja. Si se necesita m\u00e1s informaci\u00f3n para resolver el caso, North East Transportation puede comunicarse con el demandante. El denunciante tiene 10 d\u00edas h\u00e1biles a partir de la fecha de la carta para enviar la informaci\u00f3n solicitada al investigador asignado al caso. Si el investigador no es contactado por el denunciante o no recibe la informaci\u00f3n adicional dentro de los 10 d\u00edas h\u00e1biles, el Transporte del Noreste puede cerrar administrativamente el caso. Un caso tambi\u00e9n puede cerrarse administrativamente si el demandante ya no desea continuar con su caso.<\/p><p>Despu\u00e9s de que el investigador revisa la denuncia, enviar\u00e1 una de dos cartas al denunciante: una carta de cierre o una carta de conclusi\u00f3n (LOF). Una carta de cierre resume las acusaciones y establece que no hubo una violaci\u00f3n del T\u00edtulo VI y que el caso se cerrar\u00e1. Una LOF resume las acusaciones y las entrevistas con respecto al presunto incidente y explica si se llevar\u00e1 a cabo alguna acci\u00f3n disciplinaria, capacitaci\u00f3n adicional del miembro del personal o cualquier otra acci\u00f3n. Si el demandante desea apelar la decisi\u00f3n, tiene 15 d\u00edas despu\u00e9s de la fecha de la carta o la LOF para hacerlo.<\/p><p>A person may also file a\u00a0 complaint directly with the Connecticut Department of Transportation, Office of Contract Compliance, Attn: Title VI Coordinator, 2800 Berlin Turnpike, Newington, CT 06111; or directly with the Federal Transit Administration, at FTA Office of Civil Rights, 1200 New Jersey Avenue SE, Washington, DC 20590\u00a0<\/p>\t\t\t\t\t\t\t\t<\/div>\n\t\t\t\t<\/div>\n\t\t\t\t\t<\/div>\n\t\t<\/div>\n\t\t\t\t\t<\/div>\n\t\t<\/section>\n\t\t\t\t<\/div>","protected":false},"excerpt":{"rendered":"<p>North East Transportation is committed to ensuring that no person is excluded from participation, denied benefits, or otherwise subjected to discrimination under any program or activity, on the basis of race, color, or national origin. North East Transportation, as a sub-recipient of federal financial assistance, will ensure full compliance with Title VI of the Civil &#8230; <a title=\"Title VI\" class=\"read-more\" href=\"https:\/\/www.northeastbus.com\/es\/title-vi\/\" aria-label=\"Read more about Title VI\">Leer m\u00e1s<\/a><\/p>","protected":false},"author":1,"featured_media":0,"parent":0,"menu_order":0,"comment_status":"closed","ping_status":"closed","template":"","meta":{"_crdt_document":"","_monsterinsights_skip_tracking":false,"_monsterinsights_sitenote_active":false,"_monsterinsights_sitenote_note":"","_monsterinsights_sitenote_category":0,"footnotes":""},"class_list":["post-425","page","type-page","status-publish"],"yoast_head":"<!-- This site is optimized with the Yoast SEO plugin v27.4 - https:\/\/yoast.com\/product\/yoast-seo-wordpress\/ -->\n<title>Title VI - North East Transportation<\/title>\n<meta name=\"description\" content=\"North East Transportation is committed to ensuring that no person is excluded from participation, denied benefits, or otherwise subjected to discrimination under any program or activity, on the basis of race, color, or national origin.\" \/>\n<meta name=\"robots\" content=\"index, follow, max-snippet:-1, max-image-preview:large, max-video-preview:-1\" \/>\n<link rel=\"canonical\" href=\"https:\/\/www.northeastbus.com\/es\/title-vi\/\" \/>\n<meta property=\"og:locale\" content=\"es_ES\" \/>\n<meta property=\"og:type\" content=\"article\" \/>\n<meta property=\"og:title\" content=\"Title VI\" \/>\n<meta property=\"og:description\" content=\"North East Transportation is committed to ensuring that no person is excluded from participation, denied benefits, or otherwise subjected to discrimination under any program or activity, on the basis of race, color, or national origin.\" \/>\n<meta property=\"og:url\" content=\"https:\/\/www.northeastbus.com\/es\/title-vi\/\" \/>\n<meta property=\"og:site_name\" content=\"North East Transportation\" \/>\n<meta property=\"article:modified_time\" content=\"2022-01-26T17:05:28+00:00\" \/>\n<meta property=\"og:image\" content=\"https:\/\/www.northeastbus.com\/wp-content\/uploads\/2020\/11\/DJI_0020-scaled.jpg\" \/>\n\t<meta property=\"og:image:width\" content=\"2560\" \/>\n\t<meta property=\"og:image:height\" content=\"1440\" \/>\n\t<meta property=\"og:image:type\" content=\"image\/jpeg\" \/>\n<meta name=\"twitter:card\" content=\"summary_large_image\" \/>\n<meta name=\"twitter:title\" content=\"Title VI\" \/>\n<meta name=\"twitter:description\" content=\"North East Transportation is committed to ensuring that no person is excluded from participation, denied benefits, or otherwise subjected to discrimination under any program or activity, on the basis of race, color, or national origin.\" \/>\n<meta name=\"twitter:image\" content=\"https:\/\/www.northeastbus.com\/wp-content\/uploads\/2020\/11\/DJI_0020-scaled.jpg\" \/>\n<meta name=\"twitter:label1\" content=\"Est. reading time\" \/>\n\t<meta name=\"twitter:data1\" content=\"4 minutos\" \/>\n<script type=\"application\/ld+json\" class=\"yoast-schema-graph\">{\"@context\":\"https:\\\/\\\/schema.org\",\"@graph\":[{\"@type\":\"WebPage\",\"@id\":\"https:\\\/\\\/www.northeastbus.com\\\/title-vi\\\/\",\"url\":\"https:\\\/\\\/www.northeastbus.com\\\/title-vi\\\/\",\"name\":\"Title VI - North East Transportation\",\"isPartOf\":{\"@id\":\"https:\\\/\\\/www.northeastbus.com\\\/#website\"},\"datePublished\":\"2020-09-10T15:00:55+00:00\",\"dateModified\":\"2022-01-26T17:05:28+00:00\",\"description\":\"North East Transportation is committed to ensuring that no person is excluded from participation, denied benefits, or otherwise subjected to discrimination under any program or activity, on the basis of race, color, or national origin.\",\"breadcrumb\":{\"@id\":\"https:\\\/\\\/www.northeastbus.com\\\/title-vi\\\/#breadcrumb\"},\"inLanguage\":\"es\",\"potentialAction\":[{\"@type\":\"ReadAction\",\"target\":[\"https:\\\/\\\/www.northeastbus.com\\\/title-vi\\\/\"]}]},{\"@type\":\"BreadcrumbList\",\"@id\":\"https:\\\/\\\/www.northeastbus.com\\\/title-vi\\\/#breadcrumb\",\"itemListElement\":[{\"@type\":\"ListItem\",\"position\":1,\"name\":\"Home\",\"item\":\"https:\\\/\\\/www.northeastbus.com\\\/\"},{\"@type\":\"ListItem\",\"position\":2,\"name\":\"Title VI\"}]},{\"@type\":\"WebSite\",\"@id\":\"https:\\\/\\\/www.northeastbus.com\\\/#website\",\"url\":\"https:\\\/\\\/www.northeastbus.com\\\/\",\"name\":\"North East Transportation\",\"description\":\"Fixed Route Bus\\\/ Paratransit Services Serving the Greater Waterbury, Meriden and Wallingford areas\",\"publisher\":{\"@id\":\"https:\\\/\\\/www.northeastbus.com\\\/#organization\"},\"potentialAction\":[{\"@type\":\"SearchAction\",\"target\":{\"@type\":\"EntryPoint\",\"urlTemplate\":\"https:\\\/\\\/www.northeastbus.com\\\/?s={search_term_string}\"},\"query-input\":{\"@type\":\"PropertyValueSpecification\",\"valueRequired\":true,\"valueName\":\"search_term_string\"}}],\"inLanguage\":\"es\"},{\"@type\":\"Organization\",\"@id\":\"https:\\\/\\\/www.northeastbus.com\\\/#organization\",\"name\":\"North East Transportation\",\"url\":\"https:\\\/\\\/www.northeastbus.com\\\/\",\"logo\":{\"@type\":\"ImageObject\",\"inLanguage\":\"es\",\"@id\":\"https:\\\/\\\/www.northeastbus.com\\\/#\\\/schema\\\/logo\\\/image\\\/\",\"url\":\"https:\\\/\\\/www.northeastbus.com\\\/wp-content\\\/uploads\\\/2020\\\/10\\\/cropped-2019-LOGO-W-ORB-002-1-1.png\",\"contentUrl\":\"https:\\\/\\\/www.northeastbus.com\\\/wp-content\\\/uploads\\\/2020\\\/10\\\/cropped-2019-LOGO-W-ORB-002-1-1.png\",\"width\":757,\"height\":249,\"caption\":\"North East Transportation\"},\"image\":{\"@id\":\"https:\\\/\\\/www.northeastbus.com\\\/#\\\/schema\\\/logo\\\/image\\\/\"}}]}<\/script>\n<!-- \/ Yoast SEO plugin. -->","yoast_head_json":{"title":"Title VI - North East Transportation","description":"North East Transportation se compromete a garantizar que ninguna persona sea excluida de la participaci\u00f3n, se le nieguen beneficios o de otra manera sea objeto de discriminaci\u00f3n en cualquier programa o actividad, por motivos de raza, color u origen nacional.","robots":{"index":"index","follow":"follow","max-snippet":"max-snippet:-1","max-image-preview":"max-image-preview:large","max-video-preview":"max-video-preview:-1"},"canonical":"https:\/\/www.northeastbus.com\/es\/title-vi\/","og_locale":"es_ES","og_type":"article","og_title":"Title VI","og_description":"North East Transportation is committed to ensuring that no person is excluded from participation, denied benefits, or otherwise subjected to discrimination under any program or activity, on the basis of race, color, or national origin.","og_url":"https:\/\/www.northeastbus.com\/es\/title-vi\/","og_site_name":"North East Transportation","article_modified_time":"2022-01-26T17:05:28+00:00","og_image":[{"width":2560,"height":1440,"url":"https:\/\/www.northeastbus.com\/wp-content\/uploads\/2020\/11\/DJI_0020-scaled.jpg","type":"image\/jpeg"}],"twitter_card":"summary_large_image","twitter_title":"Title VI","twitter_description":"North East Transportation is committed to ensuring that no person is excluded from participation, denied benefits, or otherwise subjected to discrimination under any program or activity, on the basis of race, color, or national origin.","twitter_image":"https:\/\/www.northeastbus.com\/wp-content\/uploads\/2020\/11\/DJI_0020-scaled.jpg","twitter_misc":{"Est. reading time":"4 minutos"},"schema":{"@context":"https:\/\/schema.org","@graph":[{"@type":"WebPage","@id":"https:\/\/www.northeastbus.com\/title-vi\/","url":"https:\/\/www.northeastbus.com\/title-vi\/","name":"Title VI - North East Transportation","isPartOf":{"@id":"https:\/\/www.northeastbus.com\/#website"},"datePublished":"2020-09-10T15:00:55+00:00","dateModified":"2022-01-26T17:05:28+00:00","description":"North East Transportation se compromete a garantizar que ninguna persona sea excluida de la participaci\u00f3n, se le nieguen beneficios o de otra manera sea objeto de discriminaci\u00f3n en cualquier programa o actividad, por motivos de raza, color u origen nacional.","breadcrumb":{"@id":"https:\/\/www.northeastbus.com\/title-vi\/#breadcrumb"},"inLanguage":"es","potentialAction":[{"@type":"ReadAction","target":["https:\/\/www.northeastbus.com\/title-vi\/"]}]},{"@type":"BreadcrumbList","@id":"https:\/\/www.northeastbus.com\/title-vi\/#breadcrumb","itemListElement":[{"@type":"ListItem","position":1,"name":"Home","item":"https:\/\/www.northeastbus.com\/"},{"@type":"ListItem","position":2,"name":"Title VI"}]},{"@type":"WebSite","@id":"https:\/\/www.northeastbus.com\/#website","url":"https:\/\/www.northeastbus.com\/","name":"North East Transportation","description":"Fixed Route Bus\/ Paratransit Services Serving the Greater Waterbury, Meriden and Wallingford areas","publisher":{"@id":"https:\/\/www.northeastbus.com\/#organization"},"potentialAction":[{"@type":"SearchAction","target":{"@type":"EntryPoint","urlTemplate":"https:\/\/www.northeastbus.com\/?s={search_term_string}"},"query-input":{"@type":"PropertyValueSpecification","valueRequired":true,"valueName":"search_term_string"}}],"inLanguage":"es"},{"@type":"Organization","@id":"https:\/\/www.northeastbus.com\/#organization","name":"North East Transportation","url":"https:\/\/www.northeastbus.com\/","logo":{"@type":"ImageObject","inLanguage":"es","@id":"https:\/\/www.northeastbus.com\/#\/schema\/logo\/image\/","url":"https:\/\/www.northeastbus.com\/wp-content\/uploads\/2020\/10\/cropped-2019-LOGO-W-ORB-002-1-1.png","contentUrl":"https:\/\/www.northeastbus.com\/wp-content\/uploads\/2020\/10\/cropped-2019-LOGO-W-ORB-002-1-1.png","width":757,"height":249,"caption":"North East Transportation"},"image":{"@id":"https:\/\/www.northeastbus.com\/#\/schema\/logo\/image\/"}}]}},"_links":{"self":[{"href":"https:\/\/www.northeastbus.com\/es\/wp-json\/wp\/v2\/pages\/425","targetHints":{"allow":["GET"]}}],"collection":[{"href":"https:\/\/www.northeastbus.com\/es\/wp-json\/wp\/v2\/pages"}],"about":[{"href":"https:\/\/www.northeastbus.com\/es\/wp-json\/wp\/v2\/types\/page"}],"author":[{"embeddable":true,"href":"https:\/\/www.northeastbus.com\/es\/wp-json\/wp\/v2\/users\/1"}],"replies":[{"embeddable":true,"href":"https:\/\/www.northeastbus.com\/es\/wp-json\/wp\/v2\/comments?post=425"}],"version-history":[{"count":24,"href":"https:\/\/www.northeastbus.com\/es\/wp-json\/wp\/v2\/pages\/425\/revisions"}],"predecessor-version":[{"id":856,"href":"https:\/\/www.northeastbus.com\/es\/wp-json\/wp\/v2\/pages\/425\/revisions\/856"}],"wp:attachment":[{"href":"https:\/\/www.northeastbus.com\/es\/wp-json\/wp\/v2\/media?parent=425"}],"curies":[{"name":"wp","href":"https:\/\/api.w.org\/{rel}","templated":true}]}}