{"id":1009,"date":"2023-03-28T08:37:25","date_gmt":"2023-03-28T12:37:25","guid":{"rendered":"https:\/\/www.northeastbus.com\/?page_id=1009"},"modified":"2025-04-14T08:25:45","modified_gmt":"2025-04-14T12:25:45","slug":"helpful-links","status":"publish","type":"page","link":"https:\/\/www.northeastbus.com\/es\/helpful-links\/","title":{"rendered":"Helpful Links"},"content":{"rendered":"<div data-elementor-type=\"wp-page\" data-elementor-id=\"1009\" class=\"elementor elementor-1009\">\n\t\t\t\t\t\t<section class=\"elementor-section elementor-top-section elementor-element elementor-element-70d3f415 elementor-section-boxed elementor-section-height-default elementor-section-height-default\" data-id=\"70d3f415\" data-element_type=\"section\" data-e-type=\"section\">\n\t\t\t\t\t\t<div class=\"elementor-container elementor-column-gap-default\">\n\t\t\t\t\t<div class=\"elementor-column elementor-col-100 elementor-top-column elementor-element elementor-element-9dd3561\" data-id=\"9dd3561\" data-element_type=\"column\" data-e-type=\"column\">\n\t\t\t<div class=\"elementor-widget-wrap elementor-element-populated\">\n\t\t\t\t\t\t<section class=\"elementor-section elementor-inner-section elementor-element elementor-element-7506f8a elementor-section-boxed elementor-section-height-default elementor-section-height-default\" data-id=\"7506f8a\" data-element_type=\"section\" data-e-type=\"section\">\n\t\t\t\t\t\t<div class=\"elementor-container elementor-column-gap-default\">\n\t\t\t\t\t<div class=\"elementor-column elementor-col-100 elementor-inner-column elementor-element elementor-element-0669d95\" data-id=\"0669d95\" data-element_type=\"column\" data-e-type=\"column\">\n\t\t\t<div class=\"elementor-widget-wrap elementor-element-populated\">\n\t\t\t\t\t\t<div class=\"elementor-element elementor-element-cec4aef elementor-widget elementor-widget-heading\" data-id=\"cec4aef\" data-element_type=\"widget\" data-e-type=\"widget\" data-widget_type=\"heading.default\">\n\t\t\t\t<div class=\"elementor-widget-container\">\n\t\t\t\t\t<h5 class=\"elementor-heading-title elementor-size-large\"><b>Helpful Links<\/b><\/h5>\t\t\t\t<\/div>\n\t\t\t\t<\/div>\n\t\t\t\t<div class=\"elementor-element elementor-element-d842c42 elementor-widget elementor-widget-text-editor\" data-id=\"d842c42\" data-element_type=\"widget\" data-e-type=\"widget\" data-widget_type=\"text-editor.default\">\n\t\t\t\t<div class=\"elementor-widget-container\">\n\t\t\t\t\t\t\t\t\t<p><div class=\"gb-container gb-container-247c471e\"><div class=\"gb-inside-container\"><\/p>\n<p><\/div><\/div><\/p>\n<p><\/p>\n<p style=\"margin-bottom: 0.5em; font-family: Arial, Helvetica, sans-serif; font-size: 16px;\">Please click on any of the links below to visit their web sites.<\/p>\n<p style=\"margin-bottom: 0.5em; font-family: Arial, Helvetica, sans-serif; font-size: 16px;\">\n<\/p><p style=\"margin-bottom: 0.5em; font-family: Arial, Helvetica, sans-serif; font-size: 16px;\">\n<\/p><p style=\"margin-bottom: 0.5em; font-family: Arial, Helvetica, sans-serif; font-size: 16px;\">\n<\/p><p style=\"margin-bottom: 0.5em; font-family: Arial, Helvetica, sans-serif; font-size: 16px;\">\n<\/p><p style=\"margin-bottom: 0.5em; font-family: Arial, Helvetica, sans-serif; font-size: 16px;\">\n<\/p><p style=\"margin-bottom: 0.5em; font-family: Arial, Helvetica, sans-serif; font-size: 16px;\">\n<\/p><p style=\"margin-bottom: 0.5em; font-family: Arial, Helvetica, sans-serif; font-size: 16px;\">\n<\/p><p style=\"margin-bottom: 0.5em; font-family: Arial, Helvetica, sans-serif; font-size: 16px;\">\n<\/p><p style=\"margin-bottom: 0.5em; font-family: Arial, Helvetica, sans-serif; font-size: 16px;\"><a href=\"http:\/\/www.cact.info\/\"><strong>Connecticut Association for Community Transportation<\/strong><\/a><\/p>\n<p style=\"margin-bottom: 0.5em; font-family: Arial, Helvetica, sans-serif; font-size: 16px;\">Mary Tomolonius, Executive Director \u2022 mary@cact.info \u2022 Office: (860) 989-6164<\/p>\n<p style=\"margin-bottom: 0.5em; font-family: Arial, Helvetica, sans-serif; font-size: 16px;\"><strong><a href=\"https:\/\/portal.ct.gov\/DOT\">Connecticut Department of Transportation<\/a><\/strong><\/p>\n<p style=\"margin-bottom: 0.5em; font-family: Arial, Helvetica, sans-serif; font-size: 16px;\">860-594-2000<\/p>\n<p style=\"margin-bottom: 0.5em; font-family: Arial, Helvetica, sans-serif; font-size: 16px;\"><a href=\"https:\/\/portal.ct.gov\/DOT\/Publictrans\/Bureau-of-Public-Transportation\/Office-of-Transit-and-Ridesharing\">Buses<\/a><\/p>\n<p style=\"margin-bottom: 0.5em; font-family: Arial, Helvetica, sans-serif; font-size: 16px;\"><a href=\"https:\/\/portal.ct.gov\/DOT\/Publictrans\/Bureau-of-Public-Transportation\/CTrail\">Trains<\/a><\/p>\n<p style=\"margin-bottom: 0.5em; font-family: Arial, Helvetica, sans-serif; font-size: 16px;\"><a href=\"https:\/\/www.cttransit.com\/\" target=\"_blank\" rel=\"noopener\"><strong>Connecticut Transit<\/strong><\/a><\/p>\n<p style=\"margin-bottom: 0.5em; font-family: Arial, Helvetica, sans-serif; font-size: 16px;\">Hartford Division \u2022 860-525-9181 \u2022 TTY (Hearing Impaired Only) 860-727-8196<br>New Haven Division \u2022 203-624-0151 \u2022 TTY (Hearing Impaired Only) 203-785-8930<br>Stamford Division \u2022 203-327-7433 \u2022 TTY (Hearing Impaired Only) 203-327-2404<\/p>\n<p style=\"margin-bottom: 0.5em; font-family: Arial, Helvetica, sans-serif; font-size: 16px;\"><a href=\"http:\/\/ctrides.com\/\" target=\"_blank\" rel=\"noopener\"><strong>CTrides<\/strong><\/a><\/p>\n<p style=\"margin-bottom: 0.5em; font-family: Arial, Helvetica, sans-serif; font-size: 16px;\">The CT rides program is a Connecticut Department of Transportation resource to help riders find bus, train, and rideshare options statewide.<\/p>\n<p style=\"margin-bottom: 0.5em; font-family: Arial, Helvetica, sans-serif; font-size: 16px;\">1-877-CT<strong>rides<\/strong>&nbsp;(287-4337)<\/p>\n<p style=\"margin-bottom: 0.5em; font-family: Arial, Helvetica, sans-serif; font-size: 16px;\"><a href=\"https:\/\/www.dattco.com\/\"><strong>DATTCO<\/strong><\/a><\/p>\n<p style=\"margin-bottom: 0.5em; font-family: Arial, Helvetica, sans-serif; font-size: 16px;\">860-229-4878 or 1-800-229-4879<\/p>\n<p style=\"margin-bottom: 0.5em; font-family: Arial, Helvetica, sans-serif; font-size: 16px;\"><a href=\"https:\/\/gogbt.com\/\"><strong>Greater Bridgeport Transit<\/strong><\/a><\/p>\n<p style=\"margin-bottom: 0.5em; font-family: Arial, Helvetica, sans-serif; font-size: 16px;\">203-333-3031<\/p>\n<p style=\"margin-bottom: 0.5em; font-family: Arial, Helvetica, sans-serif; font-size: 16px;\"><a href=\"https:\/\/www.hartfordtransit.org\/\"><strong>Greater Hartford Transit District<\/strong><\/a><\/p>\n<p style=\"margin-bottom: 0.5em; font-family: Arial, Helvetica, sans-serif; font-size: 16px;\">860-247-5329<\/p>\n<p style=\"margin-bottom: 0.5em; font-family: Arial, Helvetica, sans-serif; font-size: 16px;\"><a href=\"https:\/\/www.gnhtd.org\/\"><strong>Greater New Haven Transit District<\/strong><\/a><\/p>\n<p style=\"margin-bottom: 0.5em; font-family: Arial, Helvetica, sans-serif; font-size: 16px;\">860-288-6643<\/p>\n<p style=\"margin-bottom: 0.5em; font-family: Arial, Helvetica, sans-serif; font-size: 16px;\"><strong><a href=\"https:\/\/www.hartransit.com\/\">Housatonic Area Regional Transit (HART)<\/a>&nbsp;<\/strong><\/p>\n<p style=\"margin-bottom: 0.5em; font-family: Arial, Helvetica, sans-serif; font-size: 16px;\">203-744-4070X1<\/p>\n<p style=\"margin-bottom: 0.5em; font-family: Arial, Helvetica, sans-serif; font-size: 16px;\"><a href=\"http:\/\/www.milfordtransit.com\/\" target=\"_blank\" rel=\"noopener\"><strong>Milford Transit District<\/strong><\/a><\/p>\n<p style=\"margin-bottom: 0.5em; font-family: Arial, Helvetica, sans-serif; font-size: 16px;\">203-874-4507<\/p>\n<p style=\"margin-bottom: 0.5em; font-family: Arial, Helvetica, sans-serif; font-size: 16px;\"><a href=\"http:\/\/nbt.us.com\/\"><strong>New Britain Transportation Company<\/strong><\/a><\/p>\n<p style=\"margin-bottom: 0.5em; font-family: Arial, Helvetica, sans-serif; font-size: 16px;\">860-828-0511<\/p>\n<p style=\"margin-bottom: 0.5em; font-family: Arial, Helvetica, sans-serif; font-size: 16px;\"><a href=\"https:\/\/www.norwalktransit.com\/\"><b>Norwalk Transit District<\/b><\/a><\/p>\n<p style=\"margin-bottom: 0.5em; font-family: Arial, Helvetica, sans-serif; font-size: 16px;\">203-852-0000<\/p>\n<p style=\"margin-bottom: 0.5em; font-family: Arial, Helvetica, sans-serif; font-size: 16px;\"><a href=\"https:\/\/www.nwcttransit.com\/\" target=\"_blank\" rel=\"noopener\"><span style=\"font-weight: bold;\">Northwest Transit District<\/span><\/a><\/p>\n<p style=\"margin-bottom: 0.5em; font-family: Arial, Helvetica, sans-serif; font-size: 16px;\">860-489-2535<\/p>\n<p style=\"margin-bottom: 0.5em; font-family: Arial, Helvetica, sans-serif; font-size: 16px;\"><a href=\"https:\/\/peterpanbus.com\/\"><strong>Peter Pan<\/strong><\/a><\/p>\n<p style=\"margin-bottom: 0.5em; font-family: Arial, Helvetica, sans-serif; font-size: 16px;\">1-800-343-9999<\/p>\n<p style=\"margin-bottom: 0.5em; font-family: Arial, Helvetica, sans-serif; font-size: 16px;\"><a href=\"http:\/\/www.thekennedycollective.org\/\"><strong>The Kennedy Collective<\/strong><\/a><\/p>\n<p style=\"margin-bottom: 0.5em; font-family: Arial, Helvetica, sans-serif; font-size: 16px;\">203-365-8522 Ext. 2950&nbsp; &nbsp;Travel Training Available<\/p>\n<p style=\"margin-bottom: 0.5em; font-family: Arial, Helvetica, sans-serif; font-size: 16px;\"><a href=\"https:\/\/www.transit.dot.gov\/\" target=\"_blank\" rel=\"noopener\"><strong>United States Department of Transportation Federal Transit Administration<\/strong><\/a><\/p>\n<p style=\"margin-bottom: 0.5em; font-family: Arial, Helvetica, sans-serif; font-size: 16px;\">202-366-4043<\/p>\n<p style=\"margin-bottom: 0.5em; font-family: Arial, Helvetica, sans-serif; font-size: 16px;\"><a href=\"https:\/\/valleytransit.org\/\"><strong>Valley Transit District<\/strong><\/a><\/p>\n<p style=\"margin-bottom: 0.5em; font-family: Arial, Helvetica, sans-serif; font-size: 16px;\">203-735-6408 (Dispatcher) or 203-735-6824 (Admin. Office)<\/p>\n<p><\/p>\t\t\t\t\t\t\t\t<\/div>\n\t\t\t\t<\/div>\n\t\t\t\t\t<\/div>\n\t\t<\/div>\n\t\t\t\t\t<\/div>\n\t\t<\/section>\n\t\t\t\t\t<\/div>\n\t\t<\/div>\n\t\t\t\t\t<\/div>\n\t\t<\/section>\n\t\t\t\t<\/div>","protected":false},"excerpt":{"rendered":"<p>Helpful Links Please click on any of the links below to visit their web sites. Connecticut Association for Community Transportation Mary Tomolonius, Executive Director \u2022 mary@cact.info \u2022 Office: (860) 989-6164 Connecticut Department of Transportation 860-594-2000 Buses Trains Connecticut Transit Hartford Division \u2022 860-525-9181 \u2022 TTY (Hearing Impaired Only) 860-727-8196New Haven Division \u2022 203-624-0151 \u2022 TTY &#8230; <a title=\"Helpful Links\" class=\"read-more\" href=\"https:\/\/www.northeastbus.com\/es\/helpful-links\/\" aria-label=\"Read more about Helpful Links\">Leer m\u00e1s<\/a><\/p>","protected":false},"author":4,"featured_media":0,"parent":0,"menu_order":2,"comment_status":"closed","ping_status":"closed","template":"","meta":{"_crdt_document":"","_monsterinsights_skip_tracking":false,"_monsterinsights_sitenote_active":false,"_monsterinsights_sitenote_note":"","_monsterinsights_sitenote_category":0,"footnotes":""},"class_list":["post-1009","page","type-page","status-publish"],"yoast_head":"<!-- This site is optimized with the Yoast SEO plugin v27.4 - https:\/\/yoast.com\/product\/yoast-seo-wordpress\/ -->\n<title>Helpful Links - North East Transportation<\/title>\n<meta name=\"description\" content=\"North East Transportation Company, Inc. (NET) provides convenient, safe, and reliable Public Bus and Paratransit services in the Greater Waterbury, Meriden, Wallingford Areas. The Company operates a fleet of 84 revenue vehicles and has 165 employees.\" \/>\n<meta name=\"robots\" content=\"index, follow, max-snippet:-1, max-image-preview:large, max-video-preview:-1\" \/>\n<link rel=\"canonical\" href=\"https:\/\/www.northeastbus.com\/es\/helpful-links\/\" \/>\n<meta property=\"og:locale\" content=\"es_ES\" \/>\n<meta property=\"og:type\" content=\"article\" \/>\n<meta property=\"og:title\" content=\"About NET\" \/>\n<meta property=\"og:description\" content=\"North East Transportation Company, Inc. (NET) provides convenient, safe, and reliable Public Bus and Paratransit services in the Greater Waterbury, Meriden, Wallingford Areas. The Company operates a fleet of 84 revenue vehicles and has 165 employees.\" \/>\n<meta property=\"og:url\" content=\"https:\/\/www.northeastbus.com\/es\/helpful-links\/\" \/>\n<meta property=\"og:site_name\" content=\"North East Transportation\" \/>\n<meta property=\"article:modified_time\" content=\"2025-04-14T12:25:45+00:00\" \/>\n<meta property=\"og:image\" content=\"https:\/\/www.northeastbus.com\/wp-content\/uploads\/2020\/11\/DJI_0020-scaled.jpg\" \/>\n\t<meta property=\"og:image:width\" content=\"2560\" \/>\n\t<meta property=\"og:image:height\" content=\"1440\" \/>\n\t<meta property=\"og:image:type\" content=\"image\/jpeg\" \/>\n<meta name=\"twitter:card\" content=\"summary_large_image\" \/>\n<meta name=\"twitter:title\" content=\"About NET\" \/>\n<meta name=\"twitter:description\" content=\"North East Transportation Company, Inc. (NET) provides convenient, safe, and reliable Public Bus and Paratransit services in the Greater Waterbury, Meriden, Wallingford Areas. The Company operates a fleet of 84 revenue vehicles and has 165 employees.\" \/>\n<meta name=\"twitter:image\" content=\"https:\/\/www.northeastbus.com\/wp-content\/uploads\/2020\/11\/DJI_0020-scaled.jpg\" \/>\n<meta name=\"twitter:label1\" content=\"Est. reading time\" \/>\n\t<meta name=\"twitter:data1\" content=\"2 minutos\" \/>\n<script type=\"application\/ld+json\" class=\"yoast-schema-graph\">{\"@context\":\"https:\\\/\\\/schema.org\",\"@graph\":[{\"@type\":[\"WebPage\",\"AboutPage\"],\"@id\":\"https:\\\/\\\/www.northeastbus.com\\\/helpful-links\\\/\",\"url\":\"https:\\\/\\\/www.northeastbus.com\\\/helpful-links\\\/\",\"name\":\"Helpful Links - North East Transportation\",\"isPartOf\":{\"@id\":\"https:\\\/\\\/www.northeastbus.com\\\/#website\"},\"datePublished\":\"2023-03-28T12:37:25+00:00\",\"dateModified\":\"2025-04-14T12:25:45+00:00\",\"description\":\"North East Transportation Company, Inc. (NET) provides convenient, safe, and reliable Public Bus and Paratransit services in the Greater Waterbury, Meriden, Wallingford Areas. The Company operates a fleet of 84 revenue vehicles and has 165 employees.\",\"breadcrumb\":{\"@id\":\"https:\\\/\\\/www.northeastbus.com\\\/helpful-links\\\/#breadcrumb\"},\"inLanguage\":\"es\",\"potentialAction\":[{\"@type\":\"ReadAction\",\"target\":[\"https:\\\/\\\/www.northeastbus.com\\\/helpful-links\\\/\"]}]},{\"@type\":\"BreadcrumbList\",\"@id\":\"https:\\\/\\\/www.northeastbus.com\\\/helpful-links\\\/#breadcrumb\",\"itemListElement\":[{\"@type\":\"ListItem\",\"position\":1,\"name\":\"Home\",\"item\":\"https:\\\/\\\/www.northeastbus.com\\\/\"},{\"@type\":\"ListItem\",\"position\":2,\"name\":\"Helpful Links\"}]},{\"@type\":\"WebSite\",\"@id\":\"https:\\\/\\\/www.northeastbus.com\\\/#website\",\"url\":\"https:\\\/\\\/www.northeastbus.com\\\/\",\"name\":\"North East Transportation\",\"description\":\"Fixed Route Bus\\\/ Paratransit Services Serving the Greater Waterbury, Meriden and Wallingford areas\",\"publisher\":{\"@id\":\"https:\\\/\\\/www.northeastbus.com\\\/#organization\"},\"potentialAction\":[{\"@type\":\"SearchAction\",\"target\":{\"@type\":\"EntryPoint\",\"urlTemplate\":\"https:\\\/\\\/www.northeastbus.com\\\/?s={search_term_string}\"},\"query-input\":{\"@type\":\"PropertyValueSpecification\",\"valueRequired\":true,\"valueName\":\"search_term_string\"}}],\"inLanguage\":\"es\"},{\"@type\":\"Organization\",\"@id\":\"https:\\\/\\\/www.northeastbus.com\\\/#organization\",\"name\":\"North East Transportation\",\"url\":\"https:\\\/\\\/www.northeastbus.com\\\/\",\"logo\":{\"@type\":\"ImageObject\",\"inLanguage\":\"es\",\"@id\":\"https:\\\/\\\/www.northeastbus.com\\\/#\\\/schema\\\/logo\\\/image\\\/\",\"url\":\"https:\\\/\\\/www.northeastbus.com\\\/wp-content\\\/uploads\\\/2020\\\/10\\\/cropped-2019-LOGO-W-ORB-002-1-1.png\",\"contentUrl\":\"https:\\\/\\\/www.northeastbus.com\\\/wp-content\\\/uploads\\\/2020\\\/10\\\/cropped-2019-LOGO-W-ORB-002-1-1.png\",\"width\":757,\"height\":249,\"caption\":\"North East Transportation\"},\"image\":{\"@id\":\"https:\\\/\\\/www.northeastbus.com\\\/#\\\/schema\\\/logo\\\/image\\\/\"}}]}<\/script>\n<!-- \/ Yoast SEO plugin. -->","yoast_head_json":{"title":"Helpful Links - North East Transportation","description":"North East Transportation Company, Inc. (NET) brinda servicios de transporte p\u00fablico y paratr\u00e1nsito convenientes, seguros y confiables en las \u00e1reas de Greater Waterbury, Meriden y Wallingford. NET tambi\u00e9n opera servicios expresos desde Waterbury a Thomaston a Torrington.","robots":{"index":"index","follow":"follow","max-snippet":"max-snippet:-1","max-image-preview":"max-image-preview:large","max-video-preview":"max-video-preview:-1"},"canonical":"https:\/\/www.northeastbus.com\/es\/helpful-links\/","og_locale":"es_ES","og_type":"article","og_title":"About NET","og_description":"North East Transportation Company, Inc. (NET) provides convenient, safe, and reliable Public Bus and Paratransit services in the Greater Waterbury, Meriden, Wallingford Areas. The Company operates a fleet of 84 revenue vehicles and has 165 employees.","og_url":"https:\/\/www.northeastbus.com\/es\/helpful-links\/","og_site_name":"North East Transportation","article_modified_time":"2025-04-14T12:25:45+00:00","og_image":[{"width":2560,"height":1440,"url":"https:\/\/www.northeastbus.com\/wp-content\/uploads\/2020\/11\/DJI_0020-scaled.jpg","type":"image\/jpeg"}],"twitter_card":"summary_large_image","twitter_title":"About NET","twitter_description":"North East Transportation Company, Inc. (NET) provides convenient, safe, and reliable Public Bus and Paratransit services in the Greater Waterbury, Meriden, Wallingford Areas. The Company operates a fleet of 84 revenue vehicles and has 165 employees.","twitter_image":"https:\/\/www.northeastbus.com\/wp-content\/uploads\/2020\/11\/DJI_0020-scaled.jpg","twitter_misc":{"Est. reading time":"2 minutos"},"schema":{"@context":"https:\/\/schema.org","@graph":[{"@type":["WebPage","AboutPage"],"@id":"https:\/\/www.northeastbus.com\/helpful-links\/","url":"https:\/\/www.northeastbus.com\/helpful-links\/","name":"Helpful Links - North East Transportation","isPartOf":{"@id":"https:\/\/www.northeastbus.com\/#website"},"datePublished":"2023-03-28T12:37:25+00:00","dateModified":"2025-04-14T12:25:45+00:00","description":"North East Transportation Company, Inc. (NET) brinda servicios de transporte p\u00fablico y paratr\u00e1nsito convenientes, seguros y confiables en las \u00e1reas de Greater Waterbury, Meriden y Wallingford. NET tambi\u00e9n opera servicios expresos desde Waterbury a Thomaston a Torrington.","breadcrumb":{"@id":"https:\/\/www.northeastbus.com\/helpful-links\/#breadcrumb"},"inLanguage":"es","potentialAction":[{"@type":"ReadAction","target":["https:\/\/www.northeastbus.com\/helpful-links\/"]}]},{"@type":"BreadcrumbList","@id":"https:\/\/www.northeastbus.com\/helpful-links\/#breadcrumb","itemListElement":[{"@type":"ListItem","position":1,"name":"Home","item":"https:\/\/www.northeastbus.com\/"},{"@type":"ListItem","position":2,"name":"Helpful Links"}]},{"@type":"WebSite","@id":"https:\/\/www.northeastbus.com\/#website","url":"https:\/\/www.northeastbus.com\/","name":"North East Transportation","description":"Fixed Route Bus\/ Paratransit Services Serving the Greater Waterbury, Meriden and Wallingford areas","publisher":{"@id":"https:\/\/www.northeastbus.com\/#organization"},"potentialAction":[{"@type":"SearchAction","target":{"@type":"EntryPoint","urlTemplate":"https:\/\/www.northeastbus.com\/?s={search_term_string}"},"query-input":{"@type":"PropertyValueSpecification","valueRequired":true,"valueName":"search_term_string"}}],"inLanguage":"es"},{"@type":"Organization","@id":"https:\/\/www.northeastbus.com\/#organization","name":"North East Transportation","url":"https:\/\/www.northeastbus.com\/","logo":{"@type":"ImageObject","inLanguage":"es","@id":"https:\/\/www.northeastbus.com\/#\/schema\/logo\/image\/","url":"https:\/\/www.northeastbus.com\/wp-content\/uploads\/2020\/10\/cropped-2019-LOGO-W-ORB-002-1-1.png","contentUrl":"https:\/\/www.northeastbus.com\/wp-content\/uploads\/2020\/10\/cropped-2019-LOGO-W-ORB-002-1-1.png","width":757,"height":249,"caption":"North East Transportation"},"image":{"@id":"https:\/\/www.northeastbus.com\/#\/schema\/logo\/image\/"}}]}},"_links":{"self":[{"href":"https:\/\/www.northeastbus.com\/es\/wp-json\/wp\/v2\/pages\/1009","targetHints":{"allow":["GET"]}}],"collection":[{"href":"https:\/\/www.northeastbus.com\/es\/wp-json\/wp\/v2\/pages"}],"about":[{"href":"https:\/\/www.northeastbus.com\/es\/wp-json\/wp\/v2\/types\/page"}],"author":[{"embeddable":true,"href":"https:\/\/www.northeastbus.com\/es\/wp-json\/wp\/v2\/users\/4"}],"replies":[{"embeddable":true,"href":"https:\/\/www.northeastbus.com\/es\/wp-json\/wp\/v2\/comments?post=1009"}],"version-history":[{"count":32,"href":"https:\/\/www.northeastbus.com\/es\/wp-json\/wp\/v2\/pages\/1009\/revisions"}],"predecessor-version":[{"id":1136,"href":"https:\/\/www.northeastbus.com\/es\/wp-json\/wp\/v2\/pages\/1009\/revisions\/1136"}],"wp:attachment":[{"href":"https:\/\/www.northeastbus.com\/es\/wp-json\/wp\/v2\/media?parent=1009"}],"curies":[{"name":"wp","href":"https:\/\/api.w.org\/{rel}","templated":true}]}}